{"id":16,"date":"2020-01-29T11:31:52","date_gmt":"2020-01-29T10:31:52","guid":{"rendered":"http:\/\/www.maplak.fr\/?page_id=16"},"modified":"2022-11-04T15:07:08","modified_gmt":"2022-11-04T14:07:08","slug":"edite-moi","status":"publish","type":"page","link":"https:\/\/www.dev.edite-moi.fr\/","title":{"rendered":"Edite moi"},"content":{"rendered":"<p>[et_pb_section fb_built=\u00a0\u00bb1&Prime; _builder_version=\u00a0\u00bb4.9.9&Prime; background_color=\u00a0\u00bb#e2e2e2&Prime; custom_margin=\u00a0\u00bb0px||||false|false\u00a0\u00bb custom_margin_tablet=\u00a0\u00bb\u00a0\u00bb custom_margin_phone=\u00a0\u00bb0px||\u00a0\u00bb custom_margin_last_edited=\u00a0\u00bbon|desktop\u00a0\u00bb custom_padding=\u00a0\u00bb0px||0px|||\u00a0\u00bb hover_enabled=\u00a0\u00bb0&Prime; min_height=\u00a0\u00bb100px\u00a0\u00bb sticky_enabled=\u00a0\u00bb0&Prime;][et_pb_row _builder_version=\u00a0\u00bb4.9.9&Prime; _module_preset=\u00a0\u00bbdefault\u00a0\u00bb width=\u00a0\u00bb100%\u00a0\u00bb hover_enabled=\u00a0\u00bb0&Prime; sticky_enabled=\u00a0\u00bb0&Prime;][et_pb_column _builder_version=\u00a0\u00bb4.9.9&Prime; _module_preset=\u00a0\u00bbdefault\u00a0\u00bb type=\u00a0\u00bb4_4&Prime;][et_pb_image _builder_version=\u00a0\u00bb4.9.9&Prime; _module_preset=\u00a0\u00bbdefault\u00a0\u00bb title_text=\u00a0\u00bbEdite-moi ! (1)\u00a0\u00bb src=\u00a0\u00bbhttps:\/\/www.dev.edite-moi.fr\/wp-content\/uploads\/2020\/05\/Edite-moi-1.png\u00a0\u00bb hover_enabled=\u00a0\u00bb0&Prime; sticky_enabled=\u00a0\u00bb0&Prime;][\/et_pb_image][\/et_pb_column][\/et_pb_row][\/et_pb_section][et_pb_section fb_built=\u00a0\u00bb1&Prime; custom_padding_last_edited=\u00a0\u00bbon|phone\u00a0\u00bb admin_label=\u00a0\u00bbJuice Categories Section\u00a0\u00bb _builder_version=\u00a0\u00bb4.3.2&Prime; background_color=\u00a0\u00bb#e2e2e2&Prime; custom_margin=\u00a0\u00bb||0px|||\u00a0\u00bb custom_padding=\u00a0\u00bb0px||0px|||\u00a0\u00bb custom_padding_tablet=\u00a0\u00bb60px||\u00a0\u00bb custom_padding_phone=\u00a0\u00bb40px||50px|||\u00a0\u00bb][et_pb_row _builder_version=\u00a0\u00bb4.4.7&Prime; custom_padding=\u00a0\u00bb||0px|||\u00a0\u00bb][et_pb_column type=\u00a0\u00bb4_4&Prime; _builder_version=\u00a0\u00bb4.4.7&Prime;][et_pb_text _builder_version=\u00a0\u00bb4.4.7&Prime; text_font=\u00a0\u00bbSacramento||||||||\u00a0\u00bb text_text_color=\u00a0\u00bb#9f312b\u00a0\u00bb text_font_size=\u00a0\u00bb38px\u00a0\u00bb custom_padding=\u00a0\u00bb31px|||||\u00a0\u00bb]Livres pour enfants[\/et_pb_text][et_pb_divider divider_weight=\u00a0\u00bb1.2px\u00a0\u00bb _builder_version=\u00a0\u00bb4.4.7&Prime; width=\u00a0\u00bb60%\u00a0\u00bb max_width=\u00a0\u00bb60%\u00a0\u00bb custom_margin=\u00a0\u00bb0px||10px||false|false\u00a0\u00bb][\/et_pb_divider][\/et_pb_column][\/et_pb_row][et_pb_row column_structure=\u00a0\u00bb1_3,1_3,1_3&Prime; _builder_version=\u00a0\u00bb4.4.7&Prime;][et_pb_column type=\u00a0\u00bb1_3&Prime; _builder_version=\u00a0\u00bb4.4.7&Prime; custom_padding=\u00a0\u00bb|20px||20px|false|false\u00a0\u00bb][et_pb_image src=\u00a0\u00bbhttps:\/\/www.dev.edite-moi.fr\/wp-content\/uploads\/2020\/06\/Couverture_Secret_Maissa_Site-1.png\u00a0\u00bb title_text=\u00a0\u00bbCouverture_Secret_Maissa_Site\u00a0\u00bb url=\u00a0\u00bbhttps:\/\/www.dev.edite-moi.fr\/?product_cat=albumsbilingues\u00a0\u00bb _builder_version=\u00a0\u00bb4.4.7&Prime; width=\u00a0\u00bb100%\u00a0\u00bb max_width=\u00a0\u00bb100%\u00a0\u00bb][\/et_pb_image][et_pb_button button_url=\u00a0\u00bbhttps:\/\/www.dev.edite-moi.fr\/?product_cat=albumsbilingues\u00a0\u00bb button_text=\u00a0\u00bbAlbums bilingues\u00a0\u00bb button_alignment=\u00a0\u00bbcenter\u00a0\u00bb _builder_version=\u00a0\u00bb4.4.7&Prime; custom_button=\u00a0\u00bbon\u00a0\u00bb button_text_size=\u00a0\u00bb30px\u00a0\u00bb button_text_color=\u00a0\u00bb#9f312b\u00a0\u00bb button_font=\u00a0\u00bbSacramento||||||||\u00a0\u00bb custom_padding=\u00a0\u00bb0px||0px||false|false\u00a0\u00bb button_text_color__hover_enabled=\u00a0\u00bbon|desktop\u00a0\u00bb button_text_color__hover=\u00a0\u00bb#9f312b\u00a0\u00bb][\/et_pb_button][\/et_pb_column][et_pb_column type=\u00a0\u00bb1_3&Prime; _builder_version=\u00a0\u00bb4.4.7&Prime; custom_padding=\u00a0\u00bb|20px||20px|false|false\u00a0\u00bb][et_pb_image src=\u00a0\u00bbhttps:\/\/www.dev.edite-moi.fr\/wp-content\/uploads\/2020\/06\/visuel-CD-PITI-trans.png\u00a0\u00bb title_text=\u00a0\u00bbvisuel CD PITI trans\u00a0\u00bb url=\u00a0\u00bbhttps:\/\/www.dev.edite-moi.fr\/?product_cat=albumsoccitans\u00a0\u00bb _builder_version=\u00a0\u00bb4.4.7&Prime; width=\u00a0\u00bb100%\u00a0\u00bb max_width=\u00a0\u00bb100%\u00a0\u00bb][\/et_pb_image][et_pb_button button_url=\u00a0\u00bbhttps:\/\/www.dev.edite-moi.fr\/?product_cat=albumsoccitans\u00a0\u00bb button_text=\u00a0\u00bbAlbums occitans\u00a0\u00bb button_alignment=\u00a0\u00bbcenter\u00a0\u00bb _builder_version=\u00a0\u00bb4.4.7&Prime; custom_button=\u00a0\u00bbon\u00a0\u00bb button_text_size=\u00a0\u00bb30px\u00a0\u00bb button_text_color=\u00a0\u00bb#9f312b\u00a0\u00bb button_font=\u00a0\u00bbSacramento||||||||\u00a0\u00bb custom_padding=\u00a0\u00bb0px||0px||false|false\u00a0\u00bb button_text_color__hover_enabled=\u00a0\u00bbon|desktop\u00a0\u00bb button_text_color__hover=\u00a0\u00bb#9f312b\u00a0\u00bb][\/et_pb_button][\/et_pb_column][et_pb_column type=\u00a0\u00bb1_3&Prime; _builder_version=\u00a0\u00bb4.4.7&Prime; custom_padding=\u00a0\u00bb|20px||20px|false|false\u00a0\u00bb][et_pb_image src=\u00a0\u00bbhttps:\/\/www.dev.edite-moi.fr\/wp-content\/uploads\/2020\/06\/les-trilingues.png\u00a0\u00bb title_text=\u00a0\u00bbles trilingues\u00a0\u00bb url=\u00a0\u00bbhttps:\/\/www.dev.edite-moi.fr\/?product_cat=albumstrilingues\u00a0\u00bb _builder_version=\u00a0\u00bb4.4.7&Prime; width=\u00a0\u00bb100%\u00a0\u00bb max_width=\u00a0\u00bb100%\u00a0\u00bb][\/et_pb_image][et_pb_button button_url=\u00a0\u00bbhttps:\/\/www.dev.edite-moi.fr\/?product_cat=albumstrilingues\u00a0\u00bb button_text=\u00a0\u00bbAlbums trilingues\u00a0\u00bb button_alignment=\u00a0\u00bbcenter\u00a0\u00bb _builder_version=\u00a0\u00bb4.4.7&Prime; custom_button=\u00a0\u00bbon\u00a0\u00bb button_text_size=\u00a0\u00bb30px\u00a0\u00bb button_text_color=\u00a0\u00bb#9f312b\u00a0\u00bb button_font=\u00a0\u00bbSacramento||||||||\u00a0\u00bb custom_padding=\u00a0\u00bb0px||0px||false|false\u00a0\u00bb button_text_color__hover_enabled=\u00a0\u00bbon|desktop\u00a0\u00bb button_text_color__hover=\u00a0\u00bb#9f312b\u00a0\u00bb][\/et_pb_button][\/et_pb_column][\/et_pb_row][et_pb_row column_structure=\u00a0\u00bb1_3,1_3,1_3&Prime; _builder_version=\u00a0\u00bb4.4.7&Prime; min_height=\u00a0\u00bb431px\u00a0\u00bb custom_padding=\u00a0\u00bb48px|||||\u00a0\u00bb][et_pb_column type=\u00a0\u00bb1_3&Prime; _builder_version=\u00a0\u00bb4.4.7&Prime; custom_padding=\u00a0\u00bb|20px||20px|false|false\u00a0\u00bb][et_pb_image src=\u00a0\u00bbhttps:\/\/www.dev.edite-moi.fr\/wp-content\/uploads\/2020\/06\/les-kamishibais.png\u00a0\u00bb title_text=\u00a0\u00bbles kamishibais\u00a0\u00bb url=\u00a0\u00bbhttps:\/\/www.dev.edite-moi.fr\/?product_cat=kamishibais\u00a0\u00bb _builder_version=\u00a0\u00bb4.4.7&Prime; width=\u00a0\u00bb100%\u00a0\u00bb max_width=\u00a0\u00bb100%\u00a0\u00bb][\/et_pb_image][et_pb_button button_url=\u00a0\u00bbhttps:\/\/www.dev.edite-moi.fr\/?product_cat=kamishibais\u00a0\u00bb button_text=\u00a0\u00bbKamishibais\u00a0\u00bb button_alignment=\u00a0\u00bbcenter\u00a0\u00bb _builder_version=\u00a0\u00bb4.4.7&Prime; custom_button=\u00a0\u00bbon\u00a0\u00bb button_text_size=\u00a0\u00bb30px\u00a0\u00bb button_text_color=\u00a0\u00bb#9f312b\u00a0\u00bb button_font=\u00a0\u00bbSacramento||||||||\u00a0\u00bb custom_padding=\u00a0\u00bb0px||0px||false|false\u00a0\u00bb button_text_color__hover_enabled=\u00a0\u00bbon|desktop\u00a0\u00bb button_text_color__hover=\u00a0\u00bb#9f312b\u00a0\u00bb][\/et_pb_button][\/et_pb_column][et_pb_column type=\u00a0\u00bb1_3&Prime; _builder_version=\u00a0\u00bb4.4.7&Prime; custom_padding=\u00a0\u00bb|20px||20px|false|false\u00a0\u00bb][et_pb_image src=\u00a0\u00bbhttps:\/\/www.dev.edite-moi.fr\/wp-content\/uploads\/2020\/06\/les-contes.png\u00a0\u00bb title_text=\u00a0\u00bbles contes\u00a0\u00bb url=\u00a0\u00bbhttps:\/\/www.dev.edite-moi.fr\/?product_cat=contes\u00a0\u00bb _builder_version=\u00a0\u00bb4.4.7&Prime; width=\u00a0\u00bb100%\u00a0\u00bb max_width=\u00a0\u00bb100%\u00a0\u00bb][\/et_pb_image][et_pb_button button_url=\u00a0\u00bbhttps:\/\/www.dev.edite-moi.fr\/?product_cat=contes\u00a0\u00bb button_text=\u00a0\u00bbContes\u00a0\u00bb button_alignment=\u00a0\u00bbcenter\u00a0\u00bb _builder_version=\u00a0\u00bb4.4.7&Prime; custom_button=\u00a0\u00bbon\u00a0\u00bb button_text_size=\u00a0\u00bb30px\u00a0\u00bb button_text_color=\u00a0\u00bb#9f312b\u00a0\u00bb button_font=\u00a0\u00bbSacramento||||||||\u00a0\u00bb custom_padding=\u00a0\u00bb0px||0px||false|false\u00a0\u00bb button_text_color__hover_enabled=\u00a0\u00bbon|desktop\u00a0\u00bb button_text_color__hover=\u00a0\u00bb#9f312b\u00a0\u00bb][\/et_pb_button][\/et_pb_column][et_pb_column type=\u00a0\u00bb1_3&Prime; _builder_version=\u00a0\u00bb4.4.7&Prime; custom_padding=\u00a0\u00bb|20px||20px|false|false\u00a0\u00bb][\/et_pb_column][\/et_pb_row][et_pb_row _builder_version=\u00a0\u00bb4.4.7&Prime; custom_padding=\u00a0\u00bb||0px|||\u00a0\u00bb][et_pb_column type=\u00a0\u00bb4_4&Prime; _builder_version=\u00a0\u00bb4.4.7&Prime;][et_pb_text _builder_version=\u00a0\u00bb4.4.7&Prime; text_font=\u00a0\u00bbSacramento||||||||\u00a0\u00bb text_text_color=\u00a0\u00bb#9f312b\u00a0\u00bb text_font_size=\u00a0\u00bb38px\u00a0\u00bb custom_margin=\u00a0\u00bb35px|||||\u00a0\u00bb]<\/p>\n<p>Livres pour adultes<\/p>\n<p>[\/et_pb_text][et_pb_divider divider_weight=\u00a0\u00bb1.2px\u00a0\u00bb _builder_version=\u00a0\u00bb4.4.7&Prime; width=\u00a0\u00bb60%\u00a0\u00bb max_width=\u00a0\u00bb60%\u00a0\u00bb custom_margin=\u00a0\u00bb0px||10px||false|false\u00a0\u00bb][\/et_pb_divider][\/et_pb_column][\/et_pb_row][et_pb_row column_structure=\u00a0\u00bb1_3,1_3,1_3&Prime; _builder_version=\u00a0\u00bb4.4.7&Prime;][et_pb_column type=\u00a0\u00bb1_3&Prime; _builder_version=\u00a0\u00bb4.4.7&Prime; custom_padding=\u00a0\u00bb|20px||20px|false|false\u00a0\u00bb][et_pb_image src=\u00a0\u00bbhttps:\/\/www.dev.edite-moi.fr\/wp-content\/uploads\/2020\/06\/mots-\u00e0-mots.png\u00a0\u00bb title_text=\u00a0\u00bbmots \u00e0 mots\u00a0\u00bb url=\u00a0\u00bbhttps:\/\/www.dev.edite-moi.fr\/?product_cat=motsamots\u00a0\u00bb _builder_version=\u00a0\u00bb4.4.7&Prime; width=\u00a0\u00bb100%\u00a0\u00bb max_width=\u00a0\u00bb100%\u00a0\u00bb][\/et_pb_image][et_pb_button button_url=\u00a0\u00bbhttps:\/\/www.dev.edite-moi.fr\/?product_cat=motsamots\u00a0\u00bb button_text=\u00a0\u00bbMots \u00e0 mots\u00a0\u00bb button_alignment=\u00a0\u00bbcenter\u00a0\u00bb _builder_version=\u00a0\u00bb4.4.7&Prime; custom_button=\u00a0\u00bbon\u00a0\u00bb button_text_size=\u00a0\u00bb30px\u00a0\u00bb button_text_color=\u00a0\u00bb#9f312b\u00a0\u00bb button_font=\u00a0\u00bbSacramento||||||||\u00a0\u00bb custom_padding=\u00a0\u00bb0px||0px||false|false\u00a0\u00bb button_text_color__hover_enabled=\u00a0\u00bbon|desktop\u00a0\u00bb button_text_color__hover=\u00a0\u00bb#9f312b\u00a0\u00bb][\/et_pb_button][\/et_pb_column][et_pb_column type=\u00a0\u00bb1_3&Prime; _builder_version=\u00a0\u00bb4.4.7&Prime; custom_padding=\u00a0\u00bb|20px||20px|false|false\u00a0\u00bb][et_pb_image src=\u00a0\u00bbhttps:\/\/www.dev.edite-moi.fr\/wp-content\/uploads\/2020\/06\/collection-vies-de-femmes.png\u00a0\u00bb title_text=\u00a0\u00bbcollection vies de femmes\u00a0\u00bb url=\u00a0\u00bbhttps:\/\/www.dev.edite-moi.fr\/?product_cat=viesdefemmes\u00a0\u00bb _builder_version=\u00a0\u00bb4.4.7&Prime; width=\u00a0\u00bb100%\u00a0\u00bb max_width=\u00a0\u00bb100%\u00a0\u00bb][\/et_pb_image][et_pb_button button_url=\u00a0\u00bbhttps:\/\/www.dev.edite-moi.fr\/?product_cat=viesdefemmes\u00a0\u00bb button_text=\u00a0\u00bbVies de femmes\u00a0\u00bb button_alignment=\u00a0\u00bbcenter\u00a0\u00bb _builder_version=\u00a0\u00bb4.4.7&Prime; custom_button=\u00a0\u00bbon\u00a0\u00bb button_text_size=\u00a0\u00bb30px\u00a0\u00bb button_text_color=\u00a0\u00bb#9f312b\u00a0\u00bb button_font=\u00a0\u00bbSacramento||||||||\u00a0\u00bb custom_padding=\u00a0\u00bb0px||0px||false|false\u00a0\u00bb button_text_color__hover_enabled=\u00a0\u00bbon|desktop\u00a0\u00bb button_text_color__hover=\u00a0\u00bb#9f312b\u00a0\u00bb][\/et_pb_button][\/et_pb_column][et_pb_column type=\u00a0\u00bb1_3&Prime; _builder_version=\u00a0\u00bb4.4.7&Prime; custom_padding=\u00a0\u00bb|20px||20px|false|false\u00a0\u00bb][et_pb_image src=\u00a0\u00bbhttps:\/\/www.dev.edite-moi.fr\/wp-content\/uploads\/2020\/06\/artistes-.png\u00a0\u00bb title_text=\u00a0\u00bbartistes\u00a0\u00bb url=\u00a0\u00bbhttps:\/\/www.dev.edite-moi.fr\/?product_cat=livresartistes\u00a0\u00bb _builder_version=\u00a0\u00bb4.4.7&Prime; width=\u00a0\u00bb100%\u00a0\u00bb max_width=\u00a0\u00bb100%\u00a0\u00bb][\/et_pb_image][et_pb_button button_url=\u00a0\u00bbhttps:\/\/www.dev.edite-moi.fr\/?product_cat=livresartistes\u00a0\u00bb button_text=\u00a0\u00bbLivres d&rsquo;artistes\u00a0\u00bb button_alignment=\u00a0\u00bbcenter\u00a0\u00bb _builder_version=\u00a0\u00bb4.4.7&Prime; custom_button=\u00a0\u00bbon\u00a0\u00bb button_text_size=\u00a0\u00bb30px\u00a0\u00bb button_text_color=\u00a0\u00bb#9f312b\u00a0\u00bb button_font=\u00a0\u00bbSacramento||||||||\u00a0\u00bb custom_padding=\u00a0\u00bb0px||0px||false|false\u00a0\u00bb button_text_color__hover_enabled=\u00a0\u00bbon|desktop\u00a0\u00bb button_text_color__hover=\u00a0\u00bb#9f312b\u00a0\u00bb][\/et_pb_button][\/et_pb_column][\/et_pb_row][et_pb_row column_structure=\u00a0\u00bb1_3,1_3,1_3&Prime; _builder_version=\u00a0\u00bb4.4.7&Prime; custom_padding=\u00a0\u00bb41px|||||\u00a0\u00bb][et_pb_column type=\u00a0\u00bb1_3&Prime; _builder_version=\u00a0\u00bb4.4.7&Prime; custom_padding=\u00a0\u00bb|20px||20px|false|false\u00a0\u00bb][et_pb_image src=\u00a0\u00bbhttps:\/\/www.dev.edite-moi.fr\/wp-content\/uploads\/2020\/06\/collection-guides.png\u00a0\u00bb title_text=\u00a0\u00bbcollection guides\u00a0\u00bb url=\u00a0\u00bbhttps:\/\/www.dev.edite-moi.fr\/?product_cat=guides\u00a0\u00bb _builder_version=\u00a0\u00bb4.4.7&Prime; width=\u00a0\u00bb100%\u00a0\u00bb max_width=\u00a0\u00bb100%\u00a0\u00bb][\/et_pb_image][et_pb_button button_url=\u00a0\u00bbhttps:\/\/www.dev.edite-moi.fr\/?product_cat=guides\u00a0\u00bb button_text=\u00a0\u00bbGuides\u00a0\u00bb button_alignment=\u00a0\u00bbcenter\u00a0\u00bb _builder_version=\u00a0\u00bb4.4.7&Prime; custom_button=\u00a0\u00bbon\u00a0\u00bb button_text_size=\u00a0\u00bb30px\u00a0\u00bb button_text_color=\u00a0\u00bb#9f312b\u00a0\u00bb button_font=\u00a0\u00bbSacramento||||||||\u00a0\u00bb custom_padding=\u00a0\u00bb0px||0px||false|false\u00a0\u00bb button_text_color__hover_enabled=\u00a0\u00bbon|desktop\u00a0\u00bb button_text_color__hover=\u00a0\u00bb#9f312b\u00a0\u00bb][\/et_pb_button][\/et_pb_column][et_pb_column type=\u00a0\u00bb1_3&Prime; _builder_version=\u00a0\u00bb4.4.7&Prime; custom_padding=\u00a0\u00bb|20px||20px|false|false\u00a0\u00bb][\/et_pb_column][et_pb_column type=\u00a0\u00bb1_3&Prime; _builder_version=\u00a0\u00bb4.4.7&Prime; custom_padding=\u00a0\u00bb|20px||20px|false|false\u00a0\u00bb][\/et_pb_column][\/et_pb_row][et_pb_row _builder_version=\u00a0\u00bb4.2.2&Prime; custom_margin=\u00a0\u00bb54px|auto||auto||\u00a0\u00bb][et_pb_column type=\u00a0\u00bb4_4&Prime; _builder_version=\u00a0\u00bb4.2.2&Prime;][et_pb_accordion _builder_version=\u00a0\u00bb4.4.7&Prime; body_line_height=\u00a0\u00bb1.5em\u00a0\u00bb][et_pb_accordion_item title=\u00a0\u00bbQui sommes-nous ?\u00a0\u00bb open=\u00a0\u00bbon\u00a0\u00bb _builder_version=\u00a0\u00bb4.4.7&Prime;]<\/p>\n<p style=\"text-align: justify;\">Martine Pr\u00e9v\u00f4t vit \u00e0 Albi et c\u2019est \u00e0 Carmaux que si\u00e8ge sa Maison d\u2019\u00e9dition\u00a0:\u00a0\u00ab\u00a0Edite-moi!\u00a0\u00bb. Apr\u00e8s avoir enseign\u00e9 l&rsquo;occitan et l&rsquo;espagnol dans l&rsquo;\u00e9ducation nationale, Martine concr\u00e9tise son r\u00eave en suivant une licence professionnelle des m\u00e9tiers de l&rsquo;\u00e9dition dans le cadre de l&rsquo;universit\u00e9 et en cr\u00e9ant sa Maison d\u2019\u00e9dition, \u00abEdite-moi\u00a0!\u00bb en 2013.<\/p>\n<p style=\"text-align: justify;\">Son amour pour les langues\u00a0 et l\u2019enfance l\u2019oriente\u00a0 vers la jeunesse et l&rsquo;occitan tend la main. Martine Pr\u00e9v\u00f4t ne veut pas le confiner dans un mus\u00e9e des arts et traditions rurales, \u00e0 base de foin, de meules ou de soupe de pain tremp\u00e9. \u00ab\u00c9dite-moi\u00bb se tient \u00e0 distance des mangas et du \u00abvielhum\u00bb : Martine Pr\u00e9v\u00f4t privil\u00e9gie les histoires qui parlent d&rsquo;aujourd&rsquo;hui, de demain, et qui cr\u00e9ent du r\u00eave, pas de la nostalgie \u00e0 bon march\u00e9.<\/p>\n<p style=\"text-align: justify;\"><a href=\"https:\/\/www.dev.edite-moi.fr\/?page_id=2092\">Voir plus &gt;&gt;<\/a><\/p>\n<p>[\/et_pb_accordion_item][et_pb_accordion_item title=\u00a0\u00bbMaison d&rsquo;\u00c9dition cr\u00e9e en 2013 dans le Tarn, sp\u00e9cialis\u00e9e en langues romanes.\u00a0\u00bb _builder_version=\u00a0\u00bb4.4.7&Prime; open=\u00a0\u00bboff\u00a0\u00bb]<\/p>\n<ul>\n<li>Livres et albums jeunesse en Occitan, Fran\u00e7ais, Portugais, Espagnol, Italien, Sarde, Roumain, Corse, Serbo-Croate, Grec et Anglais &#8230;<\/li>\n<li>Albums b\u00e9b\u00e9s<\/li>\n<li>Livres audio pour l&rsquo;apprentissage des langues romanes &amp; europ\u00e9ennes,<\/li>\n<li>Remise aux \u00e9tablissements scolaires et enseignants, sur demande.<\/li>\n<li>Livres de la tradition orale, collectages et contes,<\/li>\n<li>Livres de terroir et de patrimoine vivant,<\/li>\n<li>Livres d&rsquo;artistes tout public,<\/li>\n<li>Romans et nouvelles,<\/li>\n<li>Mat\u00e9riel p\u00e9dagogique pour les classes primaires: apprentissage des langues.(Kamishibais, valise p\u00e9dagogique, cahiers d&rsquo;exercices&#8230;)<\/li>\n<\/ul>\n<p>[\/et_pb_accordion_item][\/et_pb_accordion][\/et_pb_column][\/et_pb_row][\/et_pb_section]<\/p>\n","protected":false},"excerpt":{"rendered":"<p>Livres pour enfantsLivres pour adultesMartine Pr\u00e9v\u00f4t vit \u00e0 Albi et c\u2019est \u00e0 Carmaux que si\u00e8ge sa Maison d\u2019\u00e9dition\u00a0:\u00a0\u00ab\u00a0Edite-moi!\u00a0\u00bb. Apr\u00e8s avoir enseign\u00e9 l&rsquo;occitan et l&rsquo;espagnol dans l&rsquo;\u00e9ducation nationale, Martine concr\u00e9tise son r\u00eave en suivant une licence professionnelle des m\u00e9tiers de l&rsquo;\u00e9dition dans le cadre de l&rsquo;universit\u00e9 et en cr\u00e9ant sa Maison d\u2019\u00e9dition, \u00abEdite-moi\u00a0!\u00bb en 2013. Son [&hellip;]<\/p>\n","protected":false},"author":6,"featured_media":0,"parent":0,"menu_order":0,"comment_status":"closed","ping_status":"closed","template":"","meta":{"_et_pb_use_builder":"on","_et_pb_old_content":"","_et_gb_content_width":""},"_links":{"self":[{"href":"https:\/\/www.dev.edite-moi.fr\/index.php?rest_route=\/wp\/v2\/pages\/16"}],"collection":[{"href":"https:\/\/www.dev.edite-moi.fr\/index.php?rest_route=\/wp\/v2\/pages"}],"about":[{"href":"https:\/\/www.dev.edite-moi.fr\/index.php?rest_route=\/wp\/v2\/types\/page"}],"author":[{"embeddable":true,"href":"https:\/\/www.dev.edite-moi.fr\/index.php?rest_route=\/wp\/v2\/users\/6"}],"replies":[{"embeddable":true,"href":"https:\/\/www.dev.edite-moi.fr\/index.php?rest_route=%2Fwp%2Fv2%2Fcomments&post=16"}],"version-history":[{"count":94,"href":"https:\/\/www.dev.edite-moi.fr\/index.php?rest_route=\/wp\/v2\/pages\/16\/revisions"}],"predecessor-version":[{"id":2538,"href":"https:\/\/www.dev.edite-moi.fr\/index.php?rest_route=\/wp\/v2\/pages\/16\/revisions\/2538"}],"wp:attachment":[{"href":"https:\/\/www.dev.edite-moi.fr\/index.php?rest_route=%2Fwp%2Fv2%2Fmedia&parent=16"}],"curies":[{"name":"wp","href":"https:\/\/api.w.org\/{rel}","templated":true}]}}