{"id":2023,"date":"2020-06-04T16:20:29","date_gmt":"2020-06-04T14:20:29","guid":{"rendered":"http:\/\/www.dev.edite-moi.fr\/?page_id=2023"},"modified":"2020-06-05T15:34:11","modified_gmt":"2020-06-05T13:34:11","slug":"politique-de-protection-des-donnees","status":"publish","type":"page","link":"https:\/\/www.dev.edite-moi.fr\/?page_id=2023","title":{"rendered":"Politique de protection des donn\u00e9es"},"content":{"rendered":"<p>[et_pb_section fb_built=\u00a0\u00bb1&Prime; _builder_version=\u00a0\u00bb4.4.7&Prime;][et_pb_row _builder_version=\u00a0\u00bb4.4.7&Prime;][et_pb_column type=\u00a0\u00bb4_4&Prime; _builder_version=\u00a0\u00bb4.4.7&Prime;][et_pb_text _builder_version=\u00a0\u00bb4.4.7&Prime;]<\/p>\n<p>Politique de protection des donn\u00e9es<\/p>\n<p>1. La collecte de donn\u00e9es \u00e0 caract\u00e8re personnel<\/p>\n<p>Lors de la cr\u00e9ation de votre compte et de vos commandes sur le site www.edite-moi.fr (ci-apr\u00e8s d\u00e9nomm\u00e9 le Site), MADAME MARTINE PREVOT est amen\u00e9e \u00e0 recueillir des donn\u00e9es \u00e0 caract\u00e8re personnel vous concernant. Toutes les donn\u00e9es qui sont collect\u00e9es le sont de fa\u00e7on ad\u00e9quate, pertinente et limit\u00e9e \u00e0 ce qui est n\u00e9cessaire au regard des finalit\u00e9s de traitement (point 2 et 3). Le responsable de la collecte de ces donn\u00e9es est MADAME MARTINE PREVOT, auto-entrepreneur (SIRET : 78982286300021), dont le si\u00e8ge social est situ\u00e9 4 AV DE LA LANDE, 81400 CARMAUX (ci-apr\u00e8s : Edite-moi). Le terme \u00ab donn\u00e9es \u00e0 caract\u00e8re personnel \u00bb d\u00e9signe toutes les donn\u00e9es qui permettent d\u2019identifier un individu, ce qui correspond notamment \u00e0 vos nom, pr\u00e9nom, num\u00e9ro de t\u00e9l\u00e9phone, date de naissance, adresse de courrier \u00e9lectronique, adresse postale, adresse IP ainsi qu\u2019\u00e0 tout autre renseignement que vous choisirez de communiquer \u00e0 Edite-moi \u00e0 votre sujet. Aux fins de lutte contre la fraude vis\u00e9es ci-dessous (points 2 et 3), Edite-moi est \u00e9galement susceptible de conserver, pour une dur\u00e9e limit\u00e9e, des informations relatives aux transactions effectu\u00e9es sur son Site.<\/p>\n<p>2. Finalit\u00e9s de la collecte des donn\u00e9es<\/p>\n<p>Vos donn\u00e9es \u00e0 caract\u00e8re personnel sont collect\u00e9es uniquement \u00e0 des fins d\u00e9termin\u00e9es, explicites et l\u00e9gitimes, pour r\u00e9pondre \u00e0 une ou plusieurs des<br \/>finalit\u00e9s suivantes :<br \/>\u25cf G\u00e9rer vos commandes sur le Site.<br \/>\u25cf Elaborer des statistiques commerciales, effectuer des \u00e9tudes de march\u00e9 et de comportements.<br \/>\u25cf Constituer et g\u00e9rer des fichiers de prospects, ce qui inclut notamment les op\u00e9rations techniques comme la normalisation, l\u2019enrichissement et<br \/>la duplication.<br \/>\u25cf Effectuer des op\u00e9rations relatives \u00e0 la gestion des clients.<br \/>\u25cf S\u00e9lectionner une client\u00e8le pour r\u00e9aliser des actions de prospection et de promotion.<br \/>\u25cf Adresser des sollicitations et des messages promotionnels de la part de Edite-moi. Vous pouvez vous d\u00e9sinscrire \u00e0 tout instant de ces offres en cliquant sur le lien pr\u00e9vu \u00e0 cet effet situ\u00e9 en bas des email concern\u00e9s.<br \/>\u25cf Respecter nos obligations l\u00e9gales et r\u00e9glementaires.<br \/>\u25cf Lutter contre la fraude dans les conditions d\u00e9finies au point 3 ci-dessous.<\/p>\n<p>3. Lutte contre la fraude<\/p>\n<p>Pour lutter contre les fraudes, Edite-moi a mis en place un dispositif qui peut l\u2019amener \u00e0 :\u00a0<\/p>\n<p>Vous r\u00e9clamer, afin de s\u00e9curiser la transaction, certaines pi\u00e8ces justificatives une fois le paiement effectu\u00e9, en cas d\u2019alerte automatique d\u00e9clench\u00e9e par les informations relatives \u00e0 votre commande.<br \/>Bloquer votre commande si votre compte client a d\u00e9j\u00e0 \u00e9t\u00e9 utilis\u00e9 pour commettre une fraude.<br \/>Fournir vos donn\u00e9es personnelles sur demandes d\u2019autorit\u00e9s judiciaires en cas de d\u00e9p\u00f4t de plainte ou r\u00e9quisition judiciaire.<\/p>\n<p>4. Destinataires des donn\u00e9es collect\u00e9es<\/p>\n<p>Seule notre soci\u00e9t\u00e9 et les entreprises ext\u00e9rieures li\u00e9es contractuellement \u00e0 nous pour le traitement de votre commande ont acc\u00e8s aux informations que vous nous communiquez. Peuvent \u00e9galement \u00eatre destinataires de vos donn\u00e9es \u00e0 caract\u00e8re personnel les organismes publics, exclusivement pour r\u00e9pondre aux obligations l\u00e9gales, les auxiliaires de justice, les officiers minist\u00e9riels et les organismes charg\u00e9s d\u2019effectuer le recouvrement de<br \/>cr\u00e9ances.<\/p>\n<p>5. Dur\u00e9e de conservation des donn\u00e9es \u00e0 caract\u00e8re personnel<\/p>\n<p>Les donn\u00e9es que nous collectons sont conserv\u00e9es \u00e0 compter de la derni\u00e8re transaction que vous avez effectu\u00e9e sur le Site ou de la derni\u00e8re mise \u00e0 jour de votre compte client. En l\u2019absence de nouvelle transaction ou mise \u00e0 jour de votre compte client durant le d\u00e9lai de cinq ans, les donn\u00e9es personnelles vous concernant seront effac\u00e9es automatiquement. Certaines de vos donn\u00e9es bancaires seront conserv\u00e9es pendant une dur\u00e9e de treize mois \u00e0 des fins de lutte contre la fraude, \u00e0 compter de la derni\u00e8re transaction que vous avez effectu\u00e9e sur le Site ou de la derni\u00e8re mise \u00e0 jour de votre compte client, tout comme lorsque vous cochez la case \u201cM\u00e9moriser\u201d, vos donn\u00e9es bancaires pourront \u00eatre r\u00e9utilis\u00e9es pour vos futures commandes.<\/p>\n<p>6. S\u00e9curit\u00e9<\/p>\n<p>Nous vous informons prendre toutes pr\u00e9cautions utiles pour pr\u00e9server la s\u00e9curit\u00e9 de vos donn\u00e9es \u00e0 caract\u00e8re personnel et notamment, emp\u00eacher qu\u2019elles soient d\u00e9form\u00e9es, endommag\u00e9es ou que des tiers non autoris\u00e9s y aient acc\u00e8s. Le cryptage et l\u2019anonymisation sont deux des moyens utilis\u00e9s.<\/p>\n<p>7. Cookies<\/p>\n<p>Afin de mieux vous servir, nous mesurons le nombre de pages vues, le nombre de visites, ainsi que l\u2019activit\u00e9 des visiteurs sur le Site et leur fr\u00e9quence de retour. A cet effet, nous utilisons la technologie des \u00ab cookies \u00bb. Un cookie ne nous permet pas de vous identifier. De mani\u00e8re g\u00e9n\u00e9rale, il<br \/>enregistre des informations relatives \u00e0 la navigation de votre ordinateur sur notre site (les pages que vous avez consult\u00e9es, la date et l\u2019heure de la consultation, etc.) que nous pourrons lire lors de vos visites ult\u00e9rieures.\u00a0Les donn\u00e9es collect\u00e9es par les cookies sont uniquement et strictement destin\u00e9es \u00e0 un usage interne et ne sont jamais transmises \u00e0 des tiers.<br \/>L\u2019utilisation de cookies, propres ou tiers, n\u2019\u00e9tant pas n\u00e9cessaire au fonctionnement du site n\u00e9cessite un consentement expr\u00e8s de votre part. Vous pouvez manifester votre consentement ou vous opposer \u00e0 l\u2019utilisation de cookies en param\u00e9trant votre navigateur de mani\u00e8re appropri\u00e9e.<br \/>Reportez-vous pour cela aux guides d\u2019utilisation de votre navigateur.<\/p>\n<p>8. Consentement<\/p>\n<p>En cliquant sur Continuer au moment de la cr\u00e9ation de votre compte, il est express\u00e9ment \u00e9crit qu\u2019 \u00ab en vous inscrivant, vous b\u00e9n\u00e9ficiez de tous nos bons plans en exclusivit\u00e9 et acceptez notre politique de protection des donn\u00e9es \u00bb. Lorsque vous choisissez de communiquer vos donn\u00e9es \u00e0<br \/>caract\u00e8re personnel sur le Site en cliquant sur Continuer ou selon le point 4 ci-dessus d\u00e9crit, vous donnez express\u00e9ment votre consentement pour la collecte et l\u2019utilisation de vos donn\u00e9es personnelles conform\u00e9ment \u00e0 ce qui est \u00e9nonc\u00e9 \u00e0 la pr\u00e9sente Charte et \u00e0 la l\u00e9gislation en vigueur.<\/p>\n<p>9. Droit d\u2019acc\u00e8s et de rectification<\/p>\n<p>Conform\u00e9ment au r\u00e8glement UE 2016\/679, vous b\u00e9n\u00e9ficiez de plusieurs droits, \u00e0 savoir :<br \/>\u2013 un droit d\u2019acc\u00e8s<br \/>\u2013 un droit de rectification<br \/>\u2013 un droit \u00e0 l\u2019effacement<br \/>\u2013 un droit \u00e0 la limitation du traitement<br \/>\u2013 un droit \u00e0 la portabilit\u00e9<br \/>\u2013 un droit d\u2019opposition<br \/>Pour faire valoir vos droits d\u2019acc\u00e8s, de rectification, \u00e0 l\u2019effacement, vous pouvez aller sur votre compte client et le faire directement. Pour faire valoir vos droits \u00e0 la limitation du traitement, \u00e0 la portabilit\u00e9, d\u2019opposition, vous pouvez vous adresser :<br \/>par courrier \u00e9lectronique : \u00e0 prevot.martine@club-internet.fr<br \/>par courrier postal : \u00e0 Edite-moi, 4 AV DE LA LANDE, 81400 CARMAUX<br \/>Vous pouvez, si n\u00e9cessaire, introduire une r\u00e9clamation aupr\u00e8s d\u2019une autorit\u00e9 de contr\u00f4le.<\/p>\n<p>[\/et_pb_text][\/et_pb_column][\/et_pb_row][\/et_pb_section]<\/p>\n","protected":false},"excerpt":{"rendered":"<p>Politique de protection des donn\u00e9es 1. La collecte de donn\u00e9es \u00e0 caract\u00e8re personnel Lors de la cr\u00e9ation de votre compte et de vos commandes sur le site www.edite-moi.fr (ci-apr\u00e8s d\u00e9nomm\u00e9 le Site), MADAME MARTINE PREVOT est amen\u00e9e \u00e0 recueillir des donn\u00e9es \u00e0 caract\u00e8re personnel vous concernant. Toutes les donn\u00e9es qui sont collect\u00e9es le sont de [&hellip;]<\/p>\n","protected":false},"author":6,"featured_media":0,"parent":0,"menu_order":0,"comment_status":"closed","ping_status":"closed","template":"","meta":{"_et_pb_use_builder":"on","_et_pb_old_content":"<!-- wp:divi\/placeholder \/-->","_et_gb_content_width":""},"_links":{"self":[{"href":"https:\/\/www.dev.edite-moi.fr\/index.php?rest_route=\/wp\/v2\/pages\/2023"}],"collection":[{"href":"https:\/\/www.dev.edite-moi.fr\/index.php?rest_route=\/wp\/v2\/pages"}],"about":[{"href":"https:\/\/www.dev.edite-moi.fr\/index.php?rest_route=\/wp\/v2\/types\/page"}],"author":[{"embeddable":true,"href":"https:\/\/www.dev.edite-moi.fr\/index.php?rest_route=\/wp\/v2\/users\/6"}],"replies":[{"embeddable":true,"href":"https:\/\/www.dev.edite-moi.fr\/index.php?rest_route=%2Fwp%2Fv2%2Fcomments&post=2023"}],"version-history":[{"count":4,"href":"https:\/\/www.dev.edite-moi.fr\/index.php?rest_route=\/wp\/v2\/pages\/2023\/revisions"}],"predecessor-version":[{"id":2045,"href":"https:\/\/www.dev.edite-moi.fr\/index.php?rest_route=\/wp\/v2\/pages\/2023\/revisions\/2045"}],"wp:attachment":[{"href":"https:\/\/www.dev.edite-moi.fr\/index.php?rest_route=%2Fwp%2Fv2%2Fmedia&parent=2023"}],"curies":[{"name":"wp","href":"https:\/\/api.w.org\/{rel}","templated":true}]}}