{"id":2092,"date":"2020-06-10T10:48:14","date_gmt":"2020-06-10T08:48:14","guid":{"rendered":"http:\/\/www.dev.edite-moi.fr\/?page_id=2092"},"modified":"2022-01-23T10:12:25","modified_gmt":"2022-01-23T09:12:25","slug":"qui-sommes-nous","status":"publish","type":"page","link":"https:\/\/www.dev.edite-moi.fr\/?page_id=2092","title":{"rendered":"Qui sommes-nous ?"},"content":{"rendered":"<p>[et_pb_section fb_built=\u00a0\u00bb1&Prime; _builder_version=\u00a0\u00bb4.9.9&Prime; _module_preset=\u00a0\u00bbdefault\u00a0\u00bb][et_pb_row _builder_version=\u00a0\u00bb4.9.9&Prime; _module_preset=\u00a0\u00bbdefault\u00a0\u00bb][et_pb_column _builder_version=\u00a0\u00bb4.9.9&Prime; _module_preset=\u00a0\u00bbdefault\u00a0\u00bb type=\u00a0\u00bb4_4&Prime;][et_pb_text _builder_version=\u00a0\u00bb4.9.9&Prime; _module_preset=\u00a0\u00bbdefault\u00a0\u00bb hover_enabled=\u00a0\u00bb0&Prime; sticky_enabled=\u00a0\u00bb0&Prime;]Martine Pr\u00e9v\u00f4t travaille \u00e0 Albi et c\u2019est l\u00e0 que si\u00e8ge sa Maison d\u2019\u00e9dition.\u00a0<br \/>\nApr\u00e8s avoir enseign\u00e9 l\u2019occitan et l\u2019espagnol dans l\u2019\u00e9ducation nationale, Martine concr\u00e9tise son r\u00eave en suivant une licence professionnelle des m\u00e9tiers de l\u2019\u00e9dition dans le cadre de l\u2019universit\u00e9 et en cr\u00e9ant sa Maison d\u2019\u00e9dition, \u00abEdite-moi\u00a0!\u00bb en 2013.<br \/>\nSon amour pour les langues\u00a0 et l\u2019enfance l\u2019oriente\u00a0 vers la jeunesse et l\u2019occitan tend la main. Martine Pr\u00e9v\u00f4t ne veut pas le confiner dans un mus\u00e9e des arts et traditions rurales, \u00e0 base de foin, de meules ou de soupe de pain tremp\u00e9. \u00ab\u00c9dite-moi\u00bb se tient \u00e0 distance des mangas et du pass\u00e9isme: Martine Pr\u00e9v\u00f4t privil\u00e9gie les histoires qui parlent d\u2019aujourd\u2019hui, de demain, et qui cr\u00e9ent du r\u00eave, pas de la nostalgie \u00e0 bon march\u00e9.<br \/>\nElle publie des albums bilingues. Elle privil\u00e9gie toujours l\u2019aspect p\u00e9dagogique dans\u00a0 ses publications ce qui lui ouvre les portes des Calandretas et autres \u00e9coles.<br \/>\nElle \u00e9veille les talents et sait les faire partager. Sa sensibilit\u00e9 ressort dans ses choix \u00e9ditoriaux. Elle aime les r\u00e9cits de vie, les enfants\u2026 d\u2019o\u00f9 ses collections\u00a0: \u00ab\u00a0Mots \u00e0 mots\u00a0\u00bb ou encore \u00ab\u00a0Drolles\u00a0\u00bb. La relation avec les illustrateurs est importante.<br \/>\nLa petite maison a pour but de transmettre et de mettre en valeur des talents.[\/et_pb_text][\/et_pb_column][\/et_pb_row][\/et_pb_section]<\/p>\n","protected":false},"excerpt":{"rendered":"<p>Martine Pr\u00e9v\u00f4t travaille \u00e0 Albi et c\u2019est l\u00e0 que si\u00e8ge sa Maison d\u2019\u00e9dition.\u00a0 Apr\u00e8s avoir enseign\u00e9 l\u2019occitan et l\u2019espagnol dans l\u2019\u00e9ducation nationale, Martine concr\u00e9tise son r\u00eave en suivant une licence professionnelle des m\u00e9tiers de l\u2019\u00e9dition dans le cadre de l\u2019universit\u00e9 et en cr\u00e9ant sa Maison d\u2019\u00e9dition, \u00abEdite-moi\u00a0!\u00bb en 2013. Son amour pour les langues\u00a0 et [&hellip;]<\/p>\n","protected":false},"author":6,"featured_media":0,"parent":0,"menu_order":0,"comment_status":"closed","ping_status":"closed","template":"","meta":{"_et_pb_use_builder":"on","_et_pb_old_content":"","_et_gb_content_width":""},"_links":{"self":[{"href":"https:\/\/www.dev.edite-moi.fr\/index.php?rest_route=\/wp\/v2\/pages\/2092"}],"collection":[{"href":"https:\/\/www.dev.edite-moi.fr\/index.php?rest_route=\/wp\/v2\/pages"}],"about":[{"href":"https:\/\/www.dev.edite-moi.fr\/index.php?rest_route=\/wp\/v2\/types\/page"}],"author":[{"embeddable":true,"href":"https:\/\/www.dev.edite-moi.fr\/index.php?rest_route=\/wp\/v2\/users\/6"}],"replies":[{"embeddable":true,"href":"https:\/\/www.dev.edite-moi.fr\/index.php?rest_route=%2Fwp%2Fv2%2Fcomments&post=2092"}],"version-history":[{"count":16,"href":"https:\/\/www.dev.edite-moi.fr\/index.php?rest_route=\/wp\/v2\/pages\/2092\/revisions"}],"predecessor-version":[{"id":2507,"href":"https:\/\/www.dev.edite-moi.fr\/index.php?rest_route=\/wp\/v2\/pages\/2092\/revisions\/2507"}],"wp:attachment":[{"href":"https:\/\/www.dev.edite-moi.fr\/index.php?rest_route=%2Fwp%2Fv2%2Fmedia&parent=2092"}],"curies":[{"name":"wp","href":"https:\/\/api.w.org\/{rel}","templated":true}]}}