{"id":2376,"date":"2021-07-19T10:34:30","date_gmt":"2021-07-19T08:34:30","guid":{"rendered":"http:\/\/www.dev.edite-moi.fr\/?page_id=2376"},"modified":"2021-08-31T09:09:46","modified_gmt":"2021-08-31T07:09:46","slug":"auto-publier-son-livre","status":"publish","type":"page","link":"https:\/\/www.dev.edite-moi.fr\/?page_id=2376","title":{"rendered":"Auto-publier son livre"},"content":{"rendered":"<p>[et_pb_section fb_built=\u00a0\u00bb1&Prime; _builder_version=\u00a0\u00bb4.4.7&Prime;][et_pb_row _builder_version=\u00a0\u00bb4.9.9&Prime; custom_margin=\u00a0\u00bb20px|auto|-5px|auto|false|false\u00a0\u00bb custom_padding=\u00a0\u00bb||36px|||\u00a0\u00bb][et_pb_column type=\u00a0\u00bb4_4&Prime; _builder_version=\u00a0\u00bb4.4.7&Prime;][et_pb_text _builder_version=\u00a0\u00bb4.9.9&Prime; text_font=\u00a0\u00bbSacramento||||||||\u00a0\u00bb text_text_color=\u00a0\u00bb#9f312b\u00a0\u00bb text_font_size=\u00a0\u00bb40px\u00a0\u00bb]<\/p>\n<p>Aides \u00e0 l&rsquo;auto-publication (tarifs sur demande)<\/p>\n<p>[\/et_pb_text][et_pb_divider divider_position=\u00a0\u00bbcenter\u00a0\u00bb divider_weight=\u00a0\u00bb2px\u00a0\u00bb _builder_version=\u00a0\u00bb4.4.7&Prime; width=\u00a0\u00bb50%\u00a0\u00bb min_height=\u00a0\u00bb15px\u00a0\u00bb custom_margin=\u00a0\u00bb||15px||false|false\u00a0\u00bb][\/et_pb_divider][et_pb_text _builder_version=\u00a0\u00bb4.4.7&Prime; text_font=\u00a0\u00bb||||||||\u00a0\u00bb text_text_color=\u00a0\u00bb#8c8c8c\u00a0\u00bb text_font_size=\u00a0\u00bb18px\u00a0\u00bb]<\/p>\n<p><strong>\u00a0Vous venez de terminer la r\u00e9daction de votre manuscrit ?<\/strong><strong><\/strong><\/p>\n<p>Auto-publier son livre repr\u00e9sente un d\u00e9fi, des <strong>contraintes techniques<\/strong> (choix de l&rsquo;imprimeur, types de papier utilis\u00e9, format des visuels, dimension, &#8230;), des <strong>contraintes administratives<\/strong> (d\u00e9p\u00f4t l\u00e9gal \u00e0 la Biblioth\u00e8que Nationale de France, num\u00e9ro ISBN, &#8230;), des <strong>contraintes commerciales<\/strong> (o\u00f9 et comment le vendre ? comment se d\u00e9marquer des millions de livres d\u00e9j\u00e0 pr\u00e9sents ? &#8230;).\u00a0<\/p>\n<p><strong>Vous souhaitez de l&rsquo;aide, quels que soient le genre, le th\u00e8me et la longueur de votre livre ?<\/strong><\/p>\n<p>Nous mettons \u00e0 votre disposition notre savoir-faire : notre maison d&rsquo;\u00e9dition cr\u00e9\u00e9e en 2013, \u00e0 depuis lors accompagn\u00e9e une cinquantaine d&rsquo;auteurs, d&rsquo;illustrateurs et d&rsquo;\u00e9crivains dans leur projet, dans divers domaines :\u00a0<\/p>\n<p>&#8211; la correction orthographique du manuscrit,\u00a0<br \/>&#8211; la cr\u00e9ation de la couverture,<br \/>&#8211; le choix d&rsquo;un illustrateur ou de visuels,<br \/>&#8211; la mise en page et la cr\u00e9ation de fichiers informatiques en vue de l&rsquo;impression,<br \/>&#8211; le choix de l&rsquo;impression r\u00e9alis\u00e9e par des professionnels,<br \/>&#8211; le prix public de votre ouvrage,<br \/>&#8211; l&rsquo;obtention de votre ISBN,<br \/>&#8211; le d\u00e9p\u00f4t l\u00e9gal,<br \/>&#8211; la promotion, diffusion et mise en vente sur internet (Amazon, Fnac, Ebay, Cultura, Place des libraires, &#8230;).<\/p>\n<p>Tout projet fait l&rsquo;objet d&rsquo;un <strong>devis d\u00e9taill\u00e9 et personnalis\u00e9<\/strong> dans lequel diverses propositions tarifaires sont propos\u00e9es, <strong>adapt\u00e9es \u00e0 votre budget<\/strong>.<\/p>\n<p>Soucieux de respecter des <strong>d\u00e9lais de livraison rapide<\/strong> pour votre futur livre nous vous conseillons de prendre contact avec nous d\u00e8s que la phase d&rsquo;\u00e9criture sera termin\u00e9e ou sur le point de l&rsquo;\u00eatre.<\/p>\n<p>&nbsp;<\/p>\n<p>[\/et_pb_text][\/et_pb_column][\/et_pb_row][et_pb_row column_structure=\u00a0\u00bb1_5,3_5,1_5&Prime; _builder_version=\u00a0\u00bb4.4.7&Prime;][et_pb_column type=\u00a0\u00bb1_5&Prime; _builder_version=\u00a0\u00bb4.4.7&Prime;][\/et_pb_column][et_pb_column type=\u00a0\u00bb3_5&Prime; _builder_version=\u00a0\u00bb4.4.7&Prime;][et_pb_contact_form email=\u00a0\u00bbprevot.martine@club-internet.fr\u00a0\u00bb title=\u00a0\u00bbPour en savoir plus, n&rsquo;h\u00e9sitez pas \u00e0 nous contacter\u00a0\u00bb submit_button_text=\u00a0\u00bbEnvoyer\u00a0\u00bb _builder_version=\u00a0\u00bb4.9.9&Prime; title_font_size=\u00a0\u00bb40px\u00a0\u00bb custom_margin=\u00a0\u00bb25px||||false|false\u00a0\u00bb custom_padding=\u00a0\u00bb||45px|||\u00a0\u00bb hover_enabled=\u00a0\u00bb0&Prime; sticky_enabled=\u00a0\u00bb0&Prime;][et_pb_contact_field field_id=\u00a0\u00bbtype\u00a0\u00bb field_title=\u00a0\u00bbVous \u00eates ?\u00a0\u00bb field_type=\u00a0\u00bbselect\u00a0\u00bb select_options=\u00a0\u00bb%91{%22value%22:%22Ecole%22,%22checked%22:0,%22dragID%22:-1},{%22value%22:%22Centre culturel%22,%22checked%22:0,%22dragID%22:0},{%22value%22:%22Association%22,%22checked%22:0,%22dragID%22:1},{%22value%22:%22Collectivit\u00e9%22,%22checked%22:0,%22dragID%22:2},{%22value%22:%22Autre%22,%22checked%22:0,%22dragID%22:3}%93&Prime; fullwidth_field=\u00a0\u00bbon\u00a0\u00bb _builder_version=\u00a0\u00bb4.4.7&Prime;][\/et_pb_contact_field][et_pb_contact_field field_id=\u00a0\u00bbName\u00a0\u00bb field_title=\u00a0\u00bbNom\u00a0\u00bb _builder_version=\u00a0\u00bb4.4.7&Prime; button_text_size__hover_enabled=\u00a0\u00bboff\u00a0\u00bb button_one_text_size__hover_enabled=\u00a0\u00bboff\u00a0\u00bb button_two_text_size__hover_enabled=\u00a0\u00bboff\u00a0\u00bb button_text_color__hover_enabled=\u00a0\u00bboff\u00a0\u00bb button_one_text_color__hover_enabled=\u00a0\u00bboff\u00a0\u00bb button_two_text_color__hover_enabled=\u00a0\u00bboff\u00a0\u00bb button_border_width__hover_enabled=\u00a0\u00bboff\u00a0\u00bb button_one_border_width__hover_enabled=\u00a0\u00bboff\u00a0\u00bb button_two_border_width__hover_enabled=\u00a0\u00bboff\u00a0\u00bb button_border_color__hover_enabled=\u00a0\u00bboff\u00a0\u00bb button_one_border_color__hover_enabled=\u00a0\u00bboff\u00a0\u00bb button_two_border_color__hover_enabled=\u00a0\u00bboff\u00a0\u00bb button_border_radius__hover_enabled=\u00a0\u00bboff\u00a0\u00bb button_one_border_radius__hover_enabled=\u00a0\u00bboff\u00a0\u00bb button_two_border_radius__hover_enabled=\u00a0\u00bboff\u00a0\u00bb button_letter_spacing__hover_enabled=\u00a0\u00bboff\u00a0\u00bb button_one_letter_spacing__hover_enabled=\u00a0\u00bboff\u00a0\u00bb button_two_letter_spacing__hover_enabled=\u00a0\u00bboff\u00a0\u00bb button_bg_color__hover_enabled=\u00a0\u00bboff\u00a0\u00bb button_one_bg_color__hover_enabled=\u00a0\u00bboff\u00a0\u00bb button_two_bg_color__hover_enabled=\u00a0\u00bboff\u00a0\u00bb][\/et_pb_contact_field][et_pb_contact_field field_id=\u00a0\u00bbtel\u00a0\u00bb field_title=\u00a0\u00bbT\u00e9l\u00e9phone\u00a0\u00bb allowed_symbols=\u00a0\u00bbnumbers\u00a0\u00bb _builder_version=\u00a0\u00bb4.4.7&Prime;][\/et_pb_contact_field][et_pb_contact_field field_id=\u00a0\u00bbEmail_adress\u00a0\u00bb field_title=\u00a0\u00bbAdresse e-mail\u00a0\u00bb field_type=\u00a0\u00bbemail\u00a0\u00bb fullwidth_field=\u00a0\u00bbon\u00a0\u00bb _builder_version=\u00a0\u00bb4.9.9&Prime; hover_enabled=\u00a0\u00bb0&Prime; button_text_size__hover_enabled=\u00a0\u00bboff\u00a0\u00bb button_one_text_size__hover_enabled=\u00a0\u00bboff\u00a0\u00bb button_two_text_size__hover_enabled=\u00a0\u00bboff\u00a0\u00bb button_text_color__hover_enabled=\u00a0\u00bboff\u00a0\u00bb button_one_text_color__hover_enabled=\u00a0\u00bboff\u00a0\u00bb button_two_text_color__hover_enabled=\u00a0\u00bboff\u00a0\u00bb button_border_width__hover_enabled=\u00a0\u00bboff\u00a0\u00bb button_one_border_width__hover_enabled=\u00a0\u00bboff\u00a0\u00bb button_two_border_width__hover_enabled=\u00a0\u00bboff\u00a0\u00bb button_border_color__hover_enabled=\u00a0\u00bboff\u00a0\u00bb button_one_border_color__hover_enabled=\u00a0\u00bboff\u00a0\u00bb button_two_border_color__hover_enabled=\u00a0\u00bboff\u00a0\u00bb button_border_radius__hover_enabled=\u00a0\u00bboff\u00a0\u00bb button_one_border_radius__hover_enabled=\u00a0\u00bboff\u00a0\u00bb button_two_border_radius__hover_enabled=\u00a0\u00bboff\u00a0\u00bb button_letter_spacing__hover_enabled=\u00a0\u00bboff\u00a0\u00bb button_one_letter_spacing__hover_enabled=\u00a0\u00bboff\u00a0\u00bb button_two_letter_spacing__hover_enabled=\u00a0\u00bboff\u00a0\u00bb button_bg_color__hover_enabled=\u00a0\u00bboff\u00a0\u00bb button_one_bg_color__hover_enabled=\u00a0\u00bboff\u00a0\u00bb button_two_bg_color__hover_enabled=\u00a0\u00bboff\u00a0\u00bb sticky_enabled=\u00a0\u00bb0&Prime;][\/et_pb_contact_field][et_pb_contact_field field_id=\u00a0\u00bbMessage\u00a0\u00bb field_title=\u00a0\u00bbMessage\u00a0\u00bb field_type=\u00a0\u00bbtext\u00a0\u00bb fullwidth_field=\u00a0\u00bbon\u00a0\u00bb _builder_version=\u00a0\u00bb3.16&Prime; button_text_size__hover_enabled=\u00a0\u00bboff\u00a0\u00bb button_one_text_size__hover_enabled=\u00a0\u00bboff\u00a0\u00bb button_two_text_size__hover_enabled=\u00a0\u00bboff\u00a0\u00bb button_text_color__hover_enabled=\u00a0\u00bboff\u00a0\u00bb button_one_text_color__hover_enabled=\u00a0\u00bboff\u00a0\u00bb button_two_text_color__hover_enabled=\u00a0\u00bboff\u00a0\u00bb button_border_width__hover_enabled=\u00a0\u00bboff\u00a0\u00bb button_one_border_width__hover_enabled=\u00a0\u00bboff\u00a0\u00bb button_two_border_width__hover_enabled=\u00a0\u00bboff\u00a0\u00bb button_border_color__hover_enabled=\u00a0\u00bboff\u00a0\u00bb button_one_border_color__hover_enabled=\u00a0\u00bboff\u00a0\u00bb button_two_border_color__hover_enabled=\u00a0\u00bboff\u00a0\u00bb button_border_radius__hover_enabled=\u00a0\u00bboff\u00a0\u00bb button_one_border_radius__hover_enabled=\u00a0\u00bboff\u00a0\u00bb button_two_border_radius__hover_enabled=\u00a0\u00bboff\u00a0\u00bb button_letter_spacing__hover_enabled=\u00a0\u00bboff\u00a0\u00bb button_one_letter_spacing__hover_enabled=\u00a0\u00bboff\u00a0\u00bb button_two_letter_spacing__hover_enabled=\u00a0\u00bboff\u00a0\u00bb button_bg_color__hover_enabled=\u00a0\u00bboff\u00a0\u00bb button_one_bg_color__hover_enabled=\u00a0\u00bboff\u00a0\u00bb button_two_bg_color__hover_enabled=\u00a0\u00bboff\u00a0\u00bb][\/et_pb_contact_field][\/et_pb_contact_form][\/et_pb_column][et_pb_column type=\u00a0\u00bb1_5&Prime; _builder_version=\u00a0\u00bb4.4.7&Prime;][\/et_pb_column][\/et_pb_row][\/et_pb_section]<\/p>\n","protected":false},"excerpt":{"rendered":"<p>Aides \u00e0 l&rsquo;auto-publication (tarifs sur demande)\u00a0Vous venez de terminer la r\u00e9daction de votre manuscrit ? Auto-publier son livre repr\u00e9sente un d\u00e9fi, des contraintes techniques (choix de l&rsquo;imprimeur, types de papier utilis\u00e9, format des visuels, dimension, &#8230;), des contraintes administratives (d\u00e9p\u00f4t l\u00e9gal \u00e0 la Biblioth\u00e8que Nationale de France, num\u00e9ro ISBN, &#8230;), des contraintes commerciales (o\u00f9 et [&hellip;]<\/p>\n","protected":false},"author":6,"featured_media":0,"parent":0,"menu_order":0,"comment_status":"closed","ping_status":"closed","template":"","meta":{"_et_pb_use_builder":"on","_et_pb_old_content":"","_et_gb_content_width":""},"_links":{"self":[{"href":"https:\/\/www.dev.edite-moi.fr\/index.php?rest_route=\/wp\/v2\/pages\/2376"}],"collection":[{"href":"https:\/\/www.dev.edite-moi.fr\/index.php?rest_route=\/wp\/v2\/pages"}],"about":[{"href":"https:\/\/www.dev.edite-moi.fr\/index.php?rest_route=\/wp\/v2\/types\/page"}],"author":[{"embeddable":true,"href":"https:\/\/www.dev.edite-moi.fr\/index.php?rest_route=\/wp\/v2\/users\/6"}],"replies":[{"embeddable":true,"href":"https:\/\/www.dev.edite-moi.fr\/index.php?rest_route=%2Fwp%2Fv2%2Fcomments&post=2376"}],"version-history":[{"count":12,"href":"https:\/\/www.dev.edite-moi.fr\/index.php?rest_route=\/wp\/v2\/pages\/2376\/revisions"}],"predecessor-version":[{"id":2452,"href":"https:\/\/www.dev.edite-moi.fr\/index.php?rest_route=\/wp\/v2\/pages\/2376\/revisions\/2452"}],"wp:attachment":[{"href":"https:\/\/www.dev.edite-moi.fr\/index.php?rest_route=%2Fwp%2Fv2%2Fmedia&parent=2376"}],"curies":[{"name":"wp","href":"https:\/\/api.w.org\/{rel}","templated":true}]}}