{"id":2384,"date":"2021-07-19T11:26:26","date_gmt":"2021-07-19T09:26:26","guid":{"rendered":"http:\/\/www.dev.edite-moi.fr\/?page_id=2384"},"modified":"2021-08-31T09:10:26","modified_gmt":"2021-08-31T07:10:26","slug":"rejoignez-nous","status":"publish","type":"page","link":"https:\/\/www.dev.edite-moi.fr\/?page_id=2384","title":{"rendered":"Rejoignez-nous"},"content":{"rendered":"<p>[et_pb_section fb_built=\u00a0\u00bb1&Prime; _builder_version=\u00a0\u00bb4.4.7&Prime;][et_pb_row _builder_version=\u00a0\u00bb4.9.9&Prime; custom_margin=\u00a0\u00bb20px||||false|false\u00a0\u00bb custom_padding=\u00a0\u00bb||36px|||\u00a0\u00bb][et_pb_column type=\u00a0\u00bb4_4&Prime; _builder_version=\u00a0\u00bb4.4.7&Prime;][et_pb_text _builder_version=\u00a0\u00bb4.9.9&Prime; text_font=\u00a0\u00bbSacramento||||||||\u00a0\u00bb text_text_color=\u00a0\u00bb#9f312b\u00a0\u00bb text_font_size=\u00a0\u00bb40px\u00a0\u00bb]<\/p>\n<p>Rejoignez-nous<\/p>\n<p>[\/et_pb_text][et_pb_divider divider_position=\u00a0\u00bbcenter\u00a0\u00bb divider_weight=\u00a0\u00bb2px\u00a0\u00bb _builder_version=\u00a0\u00bb4.4.7&Prime; width=\u00a0\u00bb50%\u00a0\u00bb min_height=\u00a0\u00bb15px\u00a0\u00bb custom_margin=\u00a0\u00bb||15px||false|false\u00a0\u00bb][\/et_pb_divider][et_pb_text _builder_version=\u00a0\u00bb4.9.9&Prime; text_font=\u00a0\u00bb||||||||\u00a0\u00bb text_text_color=\u00a0\u00bb#8c8c8c\u00a0\u00bb text_font_size=\u00a0\u00bb18px\u00a0\u00bb]<\/p>\n<p>Ce site internet n&rsquo;est pas seulement une boutique en ligne concernant les \u00e9ditions Edite-moi !\u00a0<\/p>\n<p>Nous avons \u00e0 c\u0153ur d&rsquo;associer nos auteurs, nos illustrateurs, nos b\u00e9n\u00e9voles et nos lecteurs \u00e0 une dynamique autour des livres en langue romane dans laquelle chacun peut exprimer ses comp\u00e9tences (traduction, \u00e9criture, cr\u00e9ations&#8230;) et ses id\u00e9es (innovations, essor, d\u00e9veloppement).<\/p>\n<p>Divers \u00e9v\u00e9nements jalonnent l&rsquo;ann\u00e9e de Edite-moi ! : publications, salons, soir\u00e9es, d\u00e9dicaces, concours&#8230;\u00a0<\/p>\n<p>[\/et_pb_text][\/et_pb_column][\/et_pb_row][\/et_pb_section][et_pb_section fb_built=\u00a0\u00bb1&Prime; _builder_version=\u00a0\u00bb4.4.7&Prime;][et_pb_row _builder_version=\u00a0\u00bb4.9.9&Prime; custom_margin=\u00a0\u00bb20px||||false|false\u00a0\u00bb custom_padding=\u00a0\u00bb||36px|||\u00a0\u00bb][et_pb_column type=\u00a0\u00bb4_4&Prime; _builder_version=\u00a0\u00bb4.4.7&Prime;][et_pb_text _builder_version=\u00a0\u00bb4.9.9&Prime; text_font=\u00a0\u00bbSacramento||||||||\u00a0\u00bb text_text_color=\u00a0\u00bb#9f312b\u00a0\u00bb text_font_size=\u00a0\u00bb40px\u00a0\u00bb]<\/p>\n<p>Salon du livre \u00ab\u00a0Les petits \u00e9diteurs d&rsquo;Occitanie\u00a0\u00bb et \u00e9v\u00e9nements \u00e0 Albi et en Occitanie<\/p>\n<p>[\/et_pb_text][et_pb_divider divider_position=\u00a0\u00bbcenter\u00a0\u00bb divider_weight=\u00a0\u00bb2px\u00a0\u00bb _builder_version=\u00a0\u00bb4.4.7&Prime; width=\u00a0\u00bb50%\u00a0\u00bb min_height=\u00a0\u00bb15px\u00a0\u00bb custom_margin=\u00a0\u00bb||15px||false|false\u00a0\u00bb][\/et_pb_divider][et_pb_text _builder_version=\u00a0\u00bb4.9.9&Prime; text_font=\u00a0\u00bb||||||||\u00a0\u00bb text_text_color=\u00a0\u00bb#8c8c8c\u00a0\u00bb text_font_size=\u00a0\u00bb18px\u00a0\u00bb]<\/p>\n<p>Le salon du livre \u00ab\u00a0<strong><span style=\"color: #9f312b;\"><a href=\"https:\/\/www.terralire.com\/\" target=\"_blanck\" style=\"color: #9f312b;\" rel=\"noopener\">Les petits \u00e9diteurs d&rsquo;Occitanie<\/a><\/span><\/strong>\u00ab\u00a0,<strong> g\u00e9r\u00e9 par l&rsquo;association Terre de Livres<\/strong>, se tient depuis 2018 \u00e0 Albi, rassemblant une <strong>trentaine de maisons d&rsquo;\u00e9dition<\/strong> gr\u00e2ce auxquelles de nombreux auteurs locaux ont le plaisir de rencontrer leurs lecteurs, d&rsquo;assister \u00e0 des animations, des conf\u00e9rences, des ateliers d&rsquo;\u00e9criture et d&rsquo;illustration&#8230;<\/p>\n<p>Des <strong>\u00e9v\u00e9nements autour du livre<\/strong> sont \u00e9galement organis\u00e9s tout au long de l&rsquo;ann\u00e9e <strong>\u00e0 Albi et en Occitanie<\/strong> : des soir\u00e9es lecture, d\u00e9dicaces, mises en sc\u00e8nes&#8230;<\/p>\n<p>Nous vous proposons de participer au sein de cette association \u00e0 l&rsquo;organisation de ces \u00e9v\u00e9nements qui n\u00e9cessitent avant, pendant et apr\u00e8s de la r\u00e9flexion afin de donner de l&rsquo;originalit\u00e9 et de l&rsquo;aide \u00e0 la mise en place logistique.<\/p>\n<p>Ceci <strong>en fonction de vos envies et de votre temps<\/strong>. N&rsquo;h\u00e9sitez pas \u00e0 <strong>nous contacter<\/strong> via le formulaire en bas de cette page pour avoir plus de d\u00e9tails.<\/p>\n<p>[\/et_pb_text][\/et_pb_column][\/et_pb_row][\/et_pb_section][et_pb_section fb_built=\u00a0\u00bb1&Prime; _builder_version=\u00a0\u00bb4.4.7&Prime;][et_pb_row _builder_version=\u00a0\u00bb4.9.9&Prime; custom_margin=\u00a0\u00bb20px||||false|false\u00a0\u00bb custom_padding=\u00a0\u00bb||36px|||\u00a0\u00bb][et_pb_column type=\u00a0\u00bb4_4&Prime; _builder_version=\u00a0\u00bb4.4.7&Prime;][et_pb_text _builder_version=\u00a0\u00bb4.9.9&Prime; text_font=\u00a0\u00bbSacramento||||||||\u00a0\u00bb text_text_color=\u00a0\u00bb#9f312b\u00a0\u00bb text_font_size=\u00a0\u00bb40px\u00a0\u00bb]<\/p>\n<p>Comit\u00e9 de lecture de manuscrits en langue romane (fran\u00e7ais, italien, occitan, espagnol, &#8230;)<\/p>\n<p>[\/et_pb_text][et_pb_divider divider_position=\u00a0\u00bbcenter\u00a0\u00bb divider_weight=\u00a0\u00bb2px\u00a0\u00bb _builder_version=\u00a0\u00bb4.4.7&Prime; width=\u00a0\u00bb50%\u00a0\u00bb min_height=\u00a0\u00bb15px\u00a0\u00bb custom_margin=\u00a0\u00bb||15px||false|false\u00a0\u00bb][\/et_pb_divider][et_pb_text _builder_version=\u00a0\u00bb4.4.7&Prime; text_font=\u00a0\u00bb||||||||\u00a0\u00bb text_text_color=\u00a0\u00bb#8c8c8c\u00a0\u00bb text_font_size=\u00a0\u00bb18px\u00a0\u00bb]<\/p>\n<p>Vous aimez lire et consacrer du temps \u00e0 <strong>votre passion<\/strong>. Au sein du comit\u00e9 de lecture de \u00ab\u00a0Edite-Moi !\u00a0\u00bb, vous aurez le plaisir d&rsquo;\u00e9changer vos r\u00e9actions et de s\u00e9lectionner des textes qui pourront \u00eatre publi\u00e9s.\u00a0<\/p>\n<p>Si vous avez \u00e9galement envie de mettre <strong>votre voix en valeur<\/strong> et au service des textes s\u00e9lectionn\u00e9s, des soir\u00e9es lectures et\/ou des enregistrements sont envisag\u00e9s.\u00a0<\/p>\n<p>&nbsp;<\/p>\n<p>[\/et_pb_text][\/et_pb_column][\/et_pb_row][et_pb_row column_structure=\u00a0\u00bb1_5,3_5,1_5&Prime; _builder_version=\u00a0\u00bb4.4.7&Prime;][et_pb_column type=\u00a0\u00bb1_5&Prime; _builder_version=\u00a0\u00bb4.4.7&Prime;][\/et_pb_column][et_pb_column type=\u00a0\u00bb3_5&Prime; _builder_version=\u00a0\u00bb4.4.7&Prime;][et_pb_contact_form email=\u00a0\u00bbprevot.martine@club-internet.fr\u00a0\u00bb title=\u00a0\u00bbPour en savoir plus, n&rsquo;h\u00e9sitez pas \u00e0 nous contacter\u00a0\u00bb submit_button_text=\u00a0\u00bbEnvoyer\u00a0\u00bb _builder_version=\u00a0\u00bb4.9.9&Prime; title_font_size=\u00a0\u00bb40px\u00a0\u00bb custom_margin=\u00a0\u00bb25px||||false|false\u00a0\u00bb custom_padding=\u00a0\u00bb||45px|||\u00a0\u00bb hover_enabled=\u00a0\u00bb0&Prime; sticky_enabled=\u00a0\u00bb0&Prime;][et_pb_contact_field field_id=\u00a0\u00bbtype\u00a0\u00bb field_title=\u00a0\u00bbVous \u00eates ?\u00a0\u00bb field_type=\u00a0\u00bbselect\u00a0\u00bb select_options=\u00a0\u00bb%91{%22value%22:%22Ecole%22,%22checked%22:0,%22dragID%22:-1},{%22value%22:%22Centre culturel%22,%22checked%22:0,%22dragID%22:0},{%22value%22:%22Association%22,%22checked%22:0,%22dragID%22:1},{%22value%22:%22Collectivit\u00e9%22,%22checked%22:0,%22dragID%22:2},{%22value%22:%22Autre%22,%22checked%22:0,%22dragID%22:3}%93&Prime; fullwidth_field=\u00a0\u00bbon\u00a0\u00bb _builder_version=\u00a0\u00bb4.4.7&Prime;][\/et_pb_contact_field][et_pb_contact_field field_id=\u00a0\u00bbName\u00a0\u00bb field_title=\u00a0\u00bbNom\u00a0\u00bb _builder_version=\u00a0\u00bb4.4.7&Prime; button_text_size__hover_enabled=\u00a0\u00bboff\u00a0\u00bb button_one_text_size__hover_enabled=\u00a0\u00bboff\u00a0\u00bb button_two_text_size__hover_enabled=\u00a0\u00bboff\u00a0\u00bb button_text_color__hover_enabled=\u00a0\u00bboff\u00a0\u00bb button_one_text_color__hover_enabled=\u00a0\u00bboff\u00a0\u00bb button_two_text_color__hover_enabled=\u00a0\u00bboff\u00a0\u00bb button_border_width__hover_enabled=\u00a0\u00bboff\u00a0\u00bb button_one_border_width__hover_enabled=\u00a0\u00bboff\u00a0\u00bb button_two_border_width__hover_enabled=\u00a0\u00bboff\u00a0\u00bb button_border_color__hover_enabled=\u00a0\u00bboff\u00a0\u00bb button_one_border_color__hover_enabled=\u00a0\u00bboff\u00a0\u00bb button_two_border_color__hover_enabled=\u00a0\u00bboff\u00a0\u00bb button_border_radius__hover_enabled=\u00a0\u00bboff\u00a0\u00bb button_one_border_radius__hover_enabled=\u00a0\u00bboff\u00a0\u00bb button_two_border_radius__hover_enabled=\u00a0\u00bboff\u00a0\u00bb button_letter_spacing__hover_enabled=\u00a0\u00bboff\u00a0\u00bb button_one_letter_spacing__hover_enabled=\u00a0\u00bboff\u00a0\u00bb button_two_letter_spacing__hover_enabled=\u00a0\u00bboff\u00a0\u00bb button_bg_color__hover_enabled=\u00a0\u00bboff\u00a0\u00bb button_one_bg_color__hover_enabled=\u00a0\u00bboff\u00a0\u00bb button_two_bg_color__hover_enabled=\u00a0\u00bboff\u00a0\u00bb][\/et_pb_contact_field][et_pb_contact_field field_id=\u00a0\u00bbtel\u00a0\u00bb field_title=\u00a0\u00bbT\u00e9l\u00e9phone\u00a0\u00bb allowed_symbols=\u00a0\u00bbnumbers\u00a0\u00bb _builder_version=\u00a0\u00bb4.4.7&Prime;][\/et_pb_contact_field][et_pb_contact_field field_id=\u00a0\u00bbEmail_adress\u00a0\u00bb field_title=\u00a0\u00bbAdresse e-mail\u00a0\u00bb field_type=\u00a0\u00bbemail\u00a0\u00bb fullwidth_field=\u00a0\u00bbon\u00a0\u00bb _builder_version=\u00a0\u00bb4.9.9&Prime; hover_enabled=\u00a0\u00bb0&Prime; button_text_size__hover_enabled=\u00a0\u00bboff\u00a0\u00bb button_one_text_size__hover_enabled=\u00a0\u00bboff\u00a0\u00bb button_two_text_size__hover_enabled=\u00a0\u00bboff\u00a0\u00bb button_text_color__hover_enabled=\u00a0\u00bboff\u00a0\u00bb button_one_text_color__hover_enabled=\u00a0\u00bboff\u00a0\u00bb button_two_text_color__hover_enabled=\u00a0\u00bboff\u00a0\u00bb button_border_width__hover_enabled=\u00a0\u00bboff\u00a0\u00bb button_one_border_width__hover_enabled=\u00a0\u00bboff\u00a0\u00bb button_two_border_width__hover_enabled=\u00a0\u00bboff\u00a0\u00bb button_border_color__hover_enabled=\u00a0\u00bboff\u00a0\u00bb button_one_border_color__hover_enabled=\u00a0\u00bboff\u00a0\u00bb button_two_border_color__hover_enabled=\u00a0\u00bboff\u00a0\u00bb button_border_radius__hover_enabled=\u00a0\u00bboff\u00a0\u00bb button_one_border_radius__hover_enabled=\u00a0\u00bboff\u00a0\u00bb button_two_border_radius__hover_enabled=\u00a0\u00bboff\u00a0\u00bb button_letter_spacing__hover_enabled=\u00a0\u00bboff\u00a0\u00bb button_one_letter_spacing__hover_enabled=\u00a0\u00bboff\u00a0\u00bb button_two_letter_spacing__hover_enabled=\u00a0\u00bboff\u00a0\u00bb button_bg_color__hover_enabled=\u00a0\u00bboff\u00a0\u00bb button_one_bg_color__hover_enabled=\u00a0\u00bboff\u00a0\u00bb button_two_bg_color__hover_enabled=\u00a0\u00bboff\u00a0\u00bb sticky_enabled=\u00a0\u00bb0&Prime;][\/et_pb_contact_field][et_pb_contact_field field_id=\u00a0\u00bbMessage\u00a0\u00bb field_title=\u00a0\u00bbMessage\u00a0\u00bb field_type=\u00a0\u00bbtext\u00a0\u00bb fullwidth_field=\u00a0\u00bbon\u00a0\u00bb _builder_version=\u00a0\u00bb3.16&Prime; button_text_size__hover_enabled=\u00a0\u00bboff\u00a0\u00bb button_one_text_size__hover_enabled=\u00a0\u00bboff\u00a0\u00bb button_two_text_size__hover_enabled=\u00a0\u00bboff\u00a0\u00bb button_text_color__hover_enabled=\u00a0\u00bboff\u00a0\u00bb button_one_text_color__hover_enabled=\u00a0\u00bboff\u00a0\u00bb button_two_text_color__hover_enabled=\u00a0\u00bboff\u00a0\u00bb button_border_width__hover_enabled=\u00a0\u00bboff\u00a0\u00bb button_one_border_width__hover_enabled=\u00a0\u00bboff\u00a0\u00bb button_two_border_width__hover_enabled=\u00a0\u00bboff\u00a0\u00bb button_border_color__hover_enabled=\u00a0\u00bboff\u00a0\u00bb button_one_border_color__hover_enabled=\u00a0\u00bboff\u00a0\u00bb button_two_border_color__hover_enabled=\u00a0\u00bboff\u00a0\u00bb button_border_radius__hover_enabled=\u00a0\u00bboff\u00a0\u00bb button_one_border_radius__hover_enabled=\u00a0\u00bboff\u00a0\u00bb button_two_border_radius__hover_enabled=\u00a0\u00bboff\u00a0\u00bb button_letter_spacing__hover_enabled=\u00a0\u00bboff\u00a0\u00bb button_one_letter_spacing__hover_enabled=\u00a0\u00bboff\u00a0\u00bb button_two_letter_spacing__hover_enabled=\u00a0\u00bboff\u00a0\u00bb button_bg_color__hover_enabled=\u00a0\u00bboff\u00a0\u00bb button_one_bg_color__hover_enabled=\u00a0\u00bboff\u00a0\u00bb button_two_bg_color__hover_enabled=\u00a0\u00bboff\u00a0\u00bb][\/et_pb_contact_field][\/et_pb_contact_form][\/et_pb_column][et_pb_column type=\u00a0\u00bb1_5&Prime; _builder_version=\u00a0\u00bb4.4.7&Prime;][\/et_pb_column][\/et_pb_row][\/et_pb_section]<\/p>\n","protected":false},"excerpt":{"rendered":"<p>Rejoignez-nousCe site internet n&rsquo;est pas seulement une boutique en ligne concernant les \u00e9ditions Edite-moi !\u00a0 Nous avons \u00e0 c\u0153ur d&rsquo;associer nos auteurs, nos illustrateurs, nos b\u00e9n\u00e9voles et nos lecteurs \u00e0 une dynamique autour des livres en langue romane dans laquelle chacun peut exprimer ses comp\u00e9tences (traduction, \u00e9criture, cr\u00e9ations&#8230;) et ses id\u00e9es (innovations, essor, d\u00e9veloppement). Divers [&hellip;]<\/p>\n","protected":false},"author":6,"featured_media":0,"parent":0,"menu_order":0,"comment_status":"closed","ping_status":"closed","template":"","meta":{"_et_pb_use_builder":"on","_et_pb_old_content":"","_et_gb_content_width":""},"_links":{"self":[{"href":"https:\/\/www.dev.edite-moi.fr\/index.php?rest_route=\/wp\/v2\/pages\/2384"}],"collection":[{"href":"https:\/\/www.dev.edite-moi.fr\/index.php?rest_route=\/wp\/v2\/pages"}],"about":[{"href":"https:\/\/www.dev.edite-moi.fr\/index.php?rest_route=\/wp\/v2\/types\/page"}],"author":[{"embeddable":true,"href":"https:\/\/www.dev.edite-moi.fr\/index.php?rest_route=\/wp\/v2\/users\/6"}],"replies":[{"embeddable":true,"href":"https:\/\/www.dev.edite-moi.fr\/index.php?rest_route=%2Fwp%2Fv2%2Fcomments&post=2384"}],"version-history":[{"count":9,"href":"https:\/\/www.dev.edite-moi.fr\/index.php?rest_route=\/wp\/v2\/pages\/2384\/revisions"}],"predecessor-version":[{"id":2454,"href":"https:\/\/www.dev.edite-moi.fr\/index.php?rest_route=\/wp\/v2\/pages\/2384\/revisions\/2454"}],"wp:attachment":[{"href":"https:\/\/www.dev.edite-moi.fr\/index.php?rest_route=%2Fwp%2Fv2%2Fmedia&parent=2384"}],"curies":[{"name":"wp","href":"https:\/\/api.w.org\/{rel}","templated":true}]}}