{"id":2255,"date":"2020-06-30T19:05:07","date_gmt":"2020-06-30T17:05:07","guid":{"rendered":"http:\/\/www.dev.edite-moi.fr\/?post_type=product&#038;p=2255"},"modified":"2021-04-26T13:51:33","modified_gmt":"2021-04-26T11:51:33","slug":"venus-dailleurs","status":"publish","type":"product","link":"https:\/\/www.dev.edite-moi.fr\/?product=venus-dailleurs","title":{"rendered":"Le couloir"},"content":{"rendered":"<p>[et_pb_section fb_built=\u00a0\u00bb1&Prime; _builder_version=\u00a0\u00bb3.22&Prime; custom_padding=\u00a0\u00bb0px||||false|false\u00a0\u00bb][et_pb_row _builder_version=\u00a0\u00bb3.25&Prime; background_size=\u00a0\u00bbinitial\u00a0\u00bb background_position=\u00a0\u00bbtop_left\u00a0\u00bb background_repeat=\u00a0\u00bbrepeat\u00a0\u00bb width=\u00a0\u00bb100%\u00a0\u00bb custom_padding=\u00a0\u00bb0px||0px||false|false\u00a0\u00bb][et_pb_column type=\u00a0\u00bb4_4&Prime; _builder_version=\u00a0\u00bb3.25&Prime; custom_padding=\u00a0\u00bb|||\u00a0\u00bb custom_padding__hover=\u00a0\u00bb|||\u00a0\u00bb][et_pb_wc_breadcrumb admin_label=\u00a0\u00bbWoo miettes de pain\u00a0\u00bb _builder_version=\u00a0\u00bb4.2.2&Prime; width_tablet=\u00a0\u00bb100%\u00a0\u00bb width_phone=\u00a0\u00bb100%\u00a0\u00bb width_last_edited=\u00a0\u00bbon|tablet\u00a0\u00bb max_width=\u00a0\u00bb100%\u00a0\u00bb custom_margin=\u00a0\u00bb||||false|false\u00a0\u00bb custom_margin_last_edited=\u00a0\u00bboff|tablet\u00a0\u00bb][\/et_pb_wc_breadcrumb][et_pb_wc_cart_notice _builder_version=\u00a0\u00bb4.2.2&Prime; body_font=\u00a0\u00bb|600||on|||||\u00a0\u00bb body_text_color=\u00a0\u00bb#000000&Prime; background_color=\u00a0\u00bbrgba(0,0,0,0.2)\u00a0\u00bb custom_button=\u00a0\u00bbon\u00a0\u00bb button_text_size=\u00a0\u00bb15px\u00a0\u00bb button_text_color=\u00a0\u00bb#9f312b\u00a0\u00bb button_border_width=\u00a0\u00bb2px\u00a0\u00bb button_border_radius=\u00a0\u00bb100px\u00a0\u00bb button_letter_spacing=\u00a0\u00bb0px\u00a0\u00bb button_font=\u00a0\u00bb||||||||\u00a0\u00bb button_custom_margin=\u00a0\u00bb|||10px|false|false\u00a0\u00bb button_custom_margin_tablet=\u00a0\u00bb|||10px|false|false\u00a0\u00bb button_custom_margin_phone=\u00a0\u00bb|0px||10px|false|false\u00a0\u00bb button_custom_margin_last_edited=\u00a0\u00bbon|desktop\u00a0\u00bb width=\u00a0\u00bb80%\u00a0\u00bb max_width_tablet=\u00a0\u00bb\u00a0\u00bb max_width_phone=\u00a0\u00bb100%\u00a0\u00bb max_width_last_edited=\u00a0\u00bbon|phone\u00a0\u00bb module_alignment=\u00a0\u00bbcenter\u00a0\u00bb border_radii=\u00a0\u00bbon|20px|20px|20px|20px\u00a0\u00bb][\/et_pb_wc_cart_notice][\/et_pb_column][\/et_pb_row][et_pb_row column_structure=\u00a0\u00bb1_2,1_2&Prime; use_custom_gutter=\u00a0\u00bbon\u00a0\u00bb gutter_width=\u00a0\u00bb3&Prime; _builder_version=\u00a0\u00bb4.2.2&Prime; background_size=\u00a0\u00bbinitial\u00a0\u00bb background_position=\u00a0\u00bbtop_left\u00a0\u00bb background_repeat=\u00a0\u00bbrepeat\u00a0\u00bb width_tablet=\u00a0\u00bb\u00a0\u00bb width_phone=\u00a0\u00bb100%\u00a0\u00bb width_last_edited=\u00a0\u00bbon|desktop\u00a0\u00bb module_alignment=\u00a0\u00bbcenter\u00a0\u00bb custom_margin=\u00a0\u00bb0px||60px||false|false\u00a0\u00bb width__hover_enabled=\u00a0\u00bbon|desktop\u00a0\u00bb][et_pb_column type=\u00a0\u00bb1_2&Prime; _builder_version=\u00a0\u00bb4.2.2&Prime; custom_padding__hover=\u00a0\u00bb|||\u00a0\u00bb][et_pb_wc_images show_product_gallery=\u00a0\u00bboff\u00a0\u00bb _builder_version=\u00a0\u00bb4.4.7&Prime; background_enable_image=\u00a0\u00bboff\u00a0\u00bb z_index=\u00a0\u00bb0&Prime; min_height_last_edited=\u00a0\u00bboff|desktop\u00a0\u00bb max_height_tablet=\u00a0\u00bb\u00a0\u00bb max_height_phone=\u00a0\u00bb\u00a0\u00bb max_height_last_edited=\u00a0\u00bbon|desktop\u00a0\u00bb custom_margin_tablet=\u00a0\u00bb|0px|40px|0px|false|false\u00a0\u00bb custom_margin_phone=\u00a0\u00bb||40px||false|false\u00a0\u00bb custom_margin_last_edited=\u00a0\u00bbon|desktop\u00a0\u00bb custom_padding=\u00a0\u00bb||0px|||\u00a0\u00bb animation_style=\u00a0\u00bbfade\u00a0\u00bb hover_transition_duration=\u00a0\u00bb0ms\u00a0\u00bb border_radii_image=\u00a0\u00bbon|25px|25px|25px|25px\u00a0\u00bb border_width_all_image=\u00a0\u00bb1px\u00a0\u00bb border_color_all_image=\u00a0\u00bbrgba(0,0,0,0)\u00a0\u00bb max_height__hover_enabled=\u00a0\u00bboff|hover\u00a0\u00bb][\/et_pb_wc_images][et_pb_wc_gallery _builder_version=\u00a0\u00bb4.4.7&Prime; width=\u00a0\u00bb550px\u00a0\u00bb max_width=\u00a0\u00bb550px\u00a0\u00bb min_height=\u00a0\u00bb350px\u00a0\u00bb height=\u00a0\u00bb350px\u00a0\u00bb max_height=\u00a0\u00bb350px\u00a0\u00bb animation_style=\u00a0\u00bbfade\u00a0\u00bb][\/et_pb_wc_gallery][et_pb_wc_gallery _builder_version=\u00a0\u00bb4.4.7&Prime; width=\u00a0\u00bb550px\u00a0\u00bb max_width=\u00a0\u00bb550px\u00a0\u00bb min_height=\u00a0\u00bb350px\u00a0\u00bb height=\u00a0\u00bb350px\u00a0\u00bb max_height=\u00a0\u00bb350px\u00a0\u00bb animation_style=\u00a0\u00bbfade\u00a0\u00bb][\/et_pb_wc_gallery][\/et_pb_column][et_pb_column type=\u00a0\u00bb1_2&Prime; _builder_version=\u00a0\u00bb4.2.2&Prime; custom_padding__hover=\u00a0\u00bb|||\u00a0\u00bb][et_pb_wc_title _builder_version=\u00a0\u00bb4.3.2&Prime; header_text_align=\u00a0\u00bbcenter\u00a0\u00bb header_text_color=\u00a0\u00bb#9f312b\u00a0\u00bb header_line_height=\u00a0\u00bb1.2em\u00a0\u00bb][\/et_pb_wc_title][et_pb_wc_rating _builder_version=\u00a0\u00bb3.0.47&Prime;][\/et_pb_wc_rating][et_pb_wc_price _builder_version=\u00a0\u00bb4.2.2&Prime; body_text_color=\u00a0\u00bb#0a0000&Prime;][\/et_pb_wc_price][et_pb_wc_add_to_cart _builder_version=\u00a0\u00bb4.2.2&Prime; fields_text_color=\u00a0\u00bb#9f312b\u00a0\u00bb fields_focus_background_color=\u00a0\u00bb#ffffff\u00a0\u00bb fields_focus_text_color=\u00a0\u00bb#ffffff\u00a0\u00bb background_enable_color=\u00a0\u00bboff\u00a0\u00bb custom_button=\u00a0\u00bbon\u00a0\u00bb button_text_color=\u00a0\u00bb#9f312b\u00a0\u00bb button_bg_color=\u00a0\u00bb#ffffff\u00a0\u00bb button_border_width=\u00a0\u00bb2px\u00a0\u00bb button_border_color=\u00a0\u00bb#9f312b\u00a0\u00bb button_border_radius=\u00a0\u00bb100px\u00a0\u00bb button_letter_spacing=\u00a0\u00bb0px\u00a0\u00bb button_icon=\u00a0\u00bb%%114%%\u00a0\u00bb button_icon_color=\u00a0\u00bb#9f312b\u00a0\u00bb custom_padding=\u00a0\u00bb||1px|4px||\u00a0\u00bb][\/et_pb_wc_add_to_cart][et_pb_wc_meta _builder_version=\u00a0\u00bb4.2.2&Prime; body_text_color=\u00a0\u00bb#000000&Prime; custom_margin=\u00a0\u00bb10px||||false|false\u00a0\u00bb][\/et_pb_wc_meta][et_pb_audio audio=\u00a0\u00bbhttps:\/\/www.dev.edite-moi.fr\/wp-content\/uploads\/2020\/06\/PTT-20200706-WA0005-1.mp3&Prime; title=\u00a0\u00bbExtrait\u00a0\u00bb artist_name=\u00a0\u00bbCatherine Mangin\u00a0\u00bb _builder_version=\u00a0\u00bb4.4.7&Prime; title_font_size=\u00a0\u00bb14px\u00a0\u00bb caption_font_size=\u00a0\u00bb14px\u00a0\u00bb transform_scale=\u00a0\u00bb96%|96%\u00a0\u00bb width=\u00a0\u00bb100%\u00a0\u00bb max_width=\u00a0\u00bb100%\u00a0\u00bb min_height=\u00a0\u00bb100px\u00a0\u00bb][\/et_pb_audio][et_pb_audio audio=\u00a0\u00bbhttps:\/\/www.dev.edite-moi.fr\/wp-content\/uploads\/2020\/06\/AUD-20200630-WA0000-_3_.mp3&Prime; title=\u00a0\u00bbInterview Tamara (en tch\u00e9tch\u00e8ne)\u00a0\u00bb artist_name=\u00a0\u00bbTamara\u00a0\u00bb _builder_version=\u00a0\u00bb4.4.7&Prime; title_font_size=\u00a0\u00bb14px\u00a0\u00bb max_width=\u00a0\u00bb100%\u00a0\u00bb min_height=\u00a0\u00bb100px\u00a0\u00bb][\/et_pb_audio][\/et_pb_column][\/et_pb_row][et_pb_row _builder_version=\u00a0\u00bb4.2.2&Prime; background_size=\u00a0\u00bbinitial\u00a0\u00bb background_position=\u00a0\u00bbtop_left\u00a0\u00bb background_repeat=\u00a0\u00bbrepeat\u00a0\u00bb module_alignment=\u00a0\u00bbcenter\u00a0\u00bb border_radii=\u00a0\u00bbon|5px|5px|5px|5px\u00a0\u00bb border_color_all=\u00a0\u00bbrgba(0,0,0,0)\u00a0\u00bb border_style_all=\u00a0\u00bbnone\u00a0\u00bb][et_pb_column type=\u00a0\u00bb4_4&Prime; _builder_version=\u00a0\u00bb3.25&Prime; custom_padding=\u00a0\u00bb|||\u00a0\u00bb custom_padding__hover=\u00a0\u00bb|||\u00a0\u00bb][et_pb_wc_tabs active_tab_background_color=\u00a0\u00bb#ffffff\u00a0\u00bb inactive_tab_background_color=\u00a0\u00bbrgba(0,0,0,0)\u00a0\u00bb active_tab_text_color=\u00a0\u00bb#9f312b\u00a0\u00bb include_tabs=\u00a0\u00bbdescription||lauteur-et-les-illustrations\u00a0\u00bb _builder_version=\u00a0\u00bb4.4.7&Prime; tab_text_color=\u00a0\u00bb#000000&Prime; body_font=\u00a0\u00bb||||||||\u00a0\u00bb body_text_color=\u00a0\u00bb#9f312b\u00a0\u00bb body_line_height=\u00a0\u00bb1.2em\u00a0\u00bb tab_font=\u00a0\u00bb||||||||\u00a0\u00bb tab_font_size=\u00a0\u00bb18px\u00a0\u00bb width_tablet=\u00a0\u00bb\u00a0\u00bb width_phone=\u00a0\u00bb100%\u00a0\u00bb width_last_edited=\u00a0\u00bbon|phone\u00a0\u00bb max_width_tablet=\u00a0\u00bb\u00a0\u00bb max_width_phone=\u00a0\u00bb100%\u00a0\u00bb max_width_last_edited=\u00a0\u00bbon|phone\u00a0\u00bb module_alignment=\u00a0\u00bbcenter\u00a0\u00bb min_height=\u00a0\u00bb100px\u00a0\u00bb custom_margin=\u00a0\u00bb||60px|||\u00a0\u00bb custom_padding=\u00a0\u00bb||50px|||\u00a0\u00bb border_width_all=\u00a0\u00bb0px\u00a0\u00bb border_color_all=\u00a0\u00bb#ffffff\u00a0\u00bb] [\/et_pb_wc_tabs][et_pb_wc_upsells _builder_version=\u00a0\u00bb3.0.47&Prime;][\/et_pb_wc_upsells][\/et_pb_column][\/et_pb_row][\/et_pb_section]<\/p>\n","protected":false},"excerpt":{"rendered":"<p>L&rsquo;authentique r\u00e9cit d&rsquo;une rencontre, d&rsquo;une amiti\u00e9 hors du temps.<\/p>\n<p>Des \u00e9motions et une grande tendresse vous guideront au gr\u00e9 des pages.<\/p>\n<p>Format : 148 \/ 218 mm<br \/>\nNombre de pages : 92<br \/>\nprix : 12\u20ac<\/p>\n<p>Parution novembre 2020<\/p>\n","protected":false},"featured_media":2315,"template":"","meta":{"_et_pb_use_builder":"on","_et_pb_old_content":"<strong>Auteure Catherine Mangin<\/strong>\r\n\r\nCatherine Mangin est n\u00e9e en 1957 en Guadeloupe. Apr\u00e8s des \u00e9tudes litt\u00e9raires \u00a0(Hypokh\u00e2gne et Kh\u00e2gne \u00e0 Paris) et une ma\u00eetrise d\u2019histoire, elle choisit d\u2019enseigner en maternelle et en \u00e9l\u00e9mentaire.\r\nAvant d\u2019\u00eatre \u00e0 Narbonne, elle a v\u00e9cu dix ans \u00e0 Albi et plus de quarante ans dans le Val d\u2019oise. Ce r\u00e9cit est son premier \u00e9crit.\r\nSes \u00e9crivains pr\u00e9f\u00e9r\u00e9s sont JMG Le Cl\u00e9zio, Marguerite Yourcenar, Mathias Enard, Colette et St John Perse.\r\n\r\nT\u00e9moignage :\r\n\r\nGalline, enseignante dans le Val d\u2019Oise se trouve au seuil d\u2019un grand bouleversement dans sa vie : d\u00e9part de ses enfants entr\u00e9s dans l\u2019\u00e2ge adulte, installation imminente \u00e0 Albi.\r\nElle est loin d\u2019imaginer que son chemin ne tardera pas \u00e0 croiser, dans un couloir..., de mani\u00e8re inattendue, celui de Tima et Tatiana, deux r\u00e9fugi\u00e9s tch\u00e9tch\u00e8nes qui ont fui la guerre. Ce r\u00e9cit relate cette belle et surprenante rencontre et l\u2019amiti\u00e9 qui en na\u00eetra.\r\n\r\n<strong>\u00a0<\/strong>\r\n\r\nPoids du livre :140 gr\r\n\r\n&nbsp;","_et_gb_content_width":""},"product_cat":[18,22],"product_tag":[],"_links":{"self":[{"href":"https:\/\/www.dev.edite-moi.fr\/index.php?rest_route=\/wp\/v2\/product\/2255"}],"collection":[{"href":"https:\/\/www.dev.edite-moi.fr\/index.php?rest_route=\/wp\/v2\/product"}],"about":[{"href":"https:\/\/www.dev.edite-moi.fr\/index.php?rest_route=\/wp\/v2\/types\/product"}],"wp:featuredmedia":[{"embeddable":true,"href":"https:\/\/www.dev.edite-moi.fr\/index.php?rest_route=\/wp\/v2\/media\/2315"}],"wp:attachment":[{"href":"https:\/\/www.dev.edite-moi.fr\/index.php?rest_route=%2Fwp%2Fv2%2Fmedia&parent=2255"}],"wp:term":[{"taxonomy":"product_cat","embeddable":true,"href":"https:\/\/www.dev.edite-moi.fr\/index.php?rest_route=%2Fwp%2Fv2%2Fproduct_cat&post=2255"},{"taxonomy":"product_tag","embeddable":true,"href":"https:\/\/www.dev.edite-moi.fr\/index.php?rest_route=%2Fwp%2Fv2%2Fproduct_tag&post=2255"}],"curies":[{"name":"wp","href":"https:\/\/api.w.org\/{rel}","templated":true}]}}