{"id":2311,"date":"2021-04-26T10:24:14","date_gmt":"2021-04-26T08:24:14","guid":{"rendered":"http:\/\/www.dev.edite-moi.fr\/?post_type=product&#038;p=2311"},"modified":"2023-11-22T16:24:01","modified_gmt":"2023-11-22T15:24:01","slug":"marcovaldo-o-las-sasons-en-vila","status":"publish","type":"product","link":"https:\/\/www.dev.edite-moi.fr\/?product=marcovaldo-o-las-sasons-en-vila","title":{"rendered":"Marcovaldo o las sasons en vila"},"content":{"rendered":"<p>[et_pb_section fb_built=\u00a0\u00bb1&Prime; _builder_version=\u00a0\u00bb3.22&Prime; custom_padding=\u00a0\u00bb0px||||false|false\u00a0\u00bb][et_pb_row _builder_version=\u00a0\u00bb3.25&Prime; background_size=\u00a0\u00bbinitial\u00a0\u00bb background_position=\u00a0\u00bbtop_left\u00a0\u00bb background_repeat=\u00a0\u00bbrepeat\u00a0\u00bb width=\u00a0\u00bb100%\u00a0\u00bb custom_padding=\u00a0\u00bb0px||0px||false|false\u00a0\u00bb][et_pb_column type=\u00a0\u00bb4_4&Prime; _builder_version=\u00a0\u00bb3.25&Prime; custom_padding=\u00a0\u00bb|||\u00a0\u00bb custom_padding__hover=\u00a0\u00bb|||\u00a0\u00bb][et_pb_wc_breadcrumb admin_label=\u00a0\u00bbWoo miettes de pain\u00a0\u00bb _builder_version=\u00a0\u00bb4.2.2&Prime; width_tablet=\u00a0\u00bb100%\u00a0\u00bb width_phone=\u00a0\u00bb100%\u00a0\u00bb width_last_edited=\u00a0\u00bbon|tablet\u00a0\u00bb max_width=\u00a0\u00bb100%\u00a0\u00bb custom_margin=\u00a0\u00bb||||false|false\u00a0\u00bb custom_margin_last_edited=\u00a0\u00bboff|tablet\u00a0\u00bb][\/et_pb_wc_breadcrumb][et_pb_wc_cart_notice _builder_version=\u00a0\u00bb4.2.2&Prime; body_font=\u00a0\u00bb|600||on|||||\u00a0\u00bb body_text_color=\u00a0\u00bb#000000&Prime; background_color=\u00a0\u00bbrgba(0,0,0,0.2)\u00a0\u00bb custom_button=\u00a0\u00bbon\u00a0\u00bb button_text_size=\u00a0\u00bb15px\u00a0\u00bb button_text_color=\u00a0\u00bb#9f312b\u00a0\u00bb button_border_width=\u00a0\u00bb2px\u00a0\u00bb button_border_radius=\u00a0\u00bb100px\u00a0\u00bb button_letter_spacing=\u00a0\u00bb0px\u00a0\u00bb button_font=\u00a0\u00bb||||||||\u00a0\u00bb button_custom_margin=\u00a0\u00bb|||10px|false|false\u00a0\u00bb button_custom_margin_tablet=\u00a0\u00bb|||10px|false|false\u00a0\u00bb button_custom_margin_phone=\u00a0\u00bb|0px||10px|false|false\u00a0\u00bb button_custom_margin_last_edited=\u00a0\u00bbon|desktop\u00a0\u00bb width=\u00a0\u00bb80%\u00a0\u00bb max_width_tablet=\u00a0\u00bb\u00a0\u00bb max_width_phone=\u00a0\u00bb100%\u00a0\u00bb max_width_last_edited=\u00a0\u00bbon|phone\u00a0\u00bb module_alignment=\u00a0\u00bbcenter\u00a0\u00bb border_radii=\u00a0\u00bbon|20px|20px|20px|20px\u00a0\u00bb][\/et_pb_wc_cart_notice][\/et_pb_column][\/et_pb_row][et_pb_row column_structure=\u00a0\u00bb1_2,1_2&Prime; use_custom_gutter=\u00a0\u00bbon\u00a0\u00bb gutter_width=\u00a0\u00bb3&Prime; _builder_version=\u00a0\u00bb4.2.2&Prime; background_size=\u00a0\u00bbinitial\u00a0\u00bb background_position=\u00a0\u00bbtop_left\u00a0\u00bb background_repeat=\u00a0\u00bbrepeat\u00a0\u00bb width_tablet=\u00a0\u00bb\u00a0\u00bb width_phone=\u00a0\u00bb100%\u00a0\u00bb width_last_edited=\u00a0\u00bbon|desktop\u00a0\u00bb module_alignment=\u00a0\u00bbcenter\u00a0\u00bb custom_margin=\u00a0\u00bb0px||60px||false|false\u00a0\u00bb width__hover_enabled=\u00a0\u00bbon|desktop\u00a0\u00bb][et_pb_column type=\u00a0\u00bb1_2&Prime; _builder_version=\u00a0\u00bb4.2.2&Prime; custom_padding__hover=\u00a0\u00bb|||\u00a0\u00bb][et_pb_wc_images show_product_gallery=\u00a0\u00bboff\u00a0\u00bb _builder_version=\u00a0\u00bb4.4.7&Prime; background_enable_image=\u00a0\u00bboff\u00a0\u00bb z_index=\u00a0\u00bb0&Prime; min_height_last_edited=\u00a0\u00bboff|desktop\u00a0\u00bb max_height_tablet=\u00a0\u00bb\u00a0\u00bb max_height_phone=\u00a0\u00bb\u00a0\u00bb max_height_last_edited=\u00a0\u00bbon|desktop\u00a0\u00bb custom_margin_tablet=\u00a0\u00bb|0px|40px|0px|false|false\u00a0\u00bb custom_margin_phone=\u00a0\u00bb||40px||false|false\u00a0\u00bb custom_margin_last_edited=\u00a0\u00bbon|desktop\u00a0\u00bb custom_padding=\u00a0\u00bb||0px|||\u00a0\u00bb animation_style=\u00a0\u00bbfade\u00a0\u00bb hover_transition_duration=\u00a0\u00bb0ms\u00a0\u00bb border_radii_image=\u00a0\u00bbon|25px|25px|25px|25px\u00a0\u00bb border_width_all_image=\u00a0\u00bb1px\u00a0\u00bb border_color_all_image=\u00a0\u00bbrgba(0,0,0,0)\u00a0\u00bb max_height__hover_enabled=\u00a0\u00bboff|hover\u00a0\u00bb][\/et_pb_wc_images][et_pb_wc_gallery _builder_version=\u00a0\u00bb4.4.7&Prime; width=\u00a0\u00bb550px\u00a0\u00bb max_width=\u00a0\u00bb550px\u00a0\u00bb min_height=\u00a0\u00bb350px\u00a0\u00bb height=\u00a0\u00bb350px\u00a0\u00bb max_height=\u00a0\u00bb350px\u00a0\u00bb animation_style=\u00a0\u00bbfade\u00a0\u00bb][\/et_pb_wc_gallery][\/et_pb_column][et_pb_column type=\u00a0\u00bb1_2&Prime; _builder_version=\u00a0\u00bb4.2.2&Prime; custom_padding__hover=\u00a0\u00bb|||\u00a0\u00bb][et_pb_wc_title _builder_version=\u00a0\u00bb4.3.2&Prime; header_text_align=\u00a0\u00bbcenter\u00a0\u00bb header_text_color=\u00a0\u00bb#9f312b\u00a0\u00bb header_line_height=\u00a0\u00bb1.2em\u00a0\u00bb][\/et_pb_wc_title][et_pb_wc_rating _builder_version=\u00a0\u00bb3.0.47&Prime;][\/et_pb_wc_rating][et_pb_wc_price _builder_version=\u00a0\u00bb4.2.2&Prime; body_text_color=\u00a0\u00bb#0a0000&Prime;][\/et_pb_wc_price][et_pb_wc_description _builder_version=\u00a0\u00bb3.0.47&Prime;][\/et_pb_wc_description][et_pb_wc_add_to_cart _builder_version=\u00a0\u00bb4.2.2&Prime; fields_text_color=\u00a0\u00bb#9f312b\u00a0\u00bb fields_focus_background_color=\u00a0\u00bb#ffffff\u00a0\u00bb fields_focus_text_color=\u00a0\u00bb#ffffff\u00a0\u00bb background_enable_color=\u00a0\u00bboff\u00a0\u00bb custom_button=\u00a0\u00bbon\u00a0\u00bb button_text_color=\u00a0\u00bb#9f312b\u00a0\u00bb button_bg_color=\u00a0\u00bb#ffffff\u00a0\u00bb button_border_width=\u00a0\u00bb2px\u00a0\u00bb button_border_color=\u00a0\u00bb#9f312b\u00a0\u00bb button_border_radius=\u00a0\u00bb100px\u00a0\u00bb button_letter_spacing=\u00a0\u00bb0px\u00a0\u00bb button_icon=\u00a0\u00bb%%114%%\u00a0\u00bb button_icon_color=\u00a0\u00bb#9f312b\u00a0\u00bb custom_padding=\u00a0\u00bb||1px|4px||\u00a0\u00bb][\/et_pb_wc_add_to_cart][et_pb_wc_meta _builder_version=\u00a0\u00bb4.2.2&Prime; body_text_color=\u00a0\u00bb#000000&Prime; custom_margin=\u00a0\u00bb10px||||false|false\u00a0\u00bb][\/et_pb_wc_meta][\/et_pb_column][\/et_pb_row][et_pb_row _builder_version=\u00a0\u00bb4.2.2&Prime; background_size=\u00a0\u00bbinitial\u00a0\u00bb background_position=\u00a0\u00bbtop_left\u00a0\u00bb background_repeat=\u00a0\u00bbrepeat\u00a0\u00bb module_alignment=\u00a0\u00bbcenter\u00a0\u00bb border_radii=\u00a0\u00bbon|5px|5px|5px|5px\u00a0\u00bb border_color_all=\u00a0\u00bbrgba(0,0,0,0)\u00a0\u00bb border_style_all=\u00a0\u00bbnone\u00a0\u00bb][et_pb_column type=\u00a0\u00bb4_4&Prime; _builder_version=\u00a0\u00bb3.25&Prime; custom_padding=\u00a0\u00bb|||\u00a0\u00bb custom_padding__hover=\u00a0\u00bb|||\u00a0\u00bb][et_pb_wc_tabs active_tab_background_color=\u00a0\u00bb#ffffff\u00a0\u00bb inactive_tab_background_color=\u00a0\u00bbrgba(0,0,0,0)\u00a0\u00bb active_tab_text_color=\u00a0\u00bb#9f312b\u00a0\u00bb include_tabs=\u00a0\u00bbdescription||lauteur-et-les-illustrations\u00a0\u00bb _builder_version=\u00a0\u00bb4.4.7&Prime; tab_text_color=\u00a0\u00bb#000000&Prime; body_font=\u00a0\u00bb||||||||\u00a0\u00bb body_text_color=\u00a0\u00bb#9f312b\u00a0\u00bb body_line_height=\u00a0\u00bb1.2em\u00a0\u00bb tab_font=\u00a0\u00bb||||||||\u00a0\u00bb tab_font_size=\u00a0\u00bb18px\u00a0\u00bb width_tablet=\u00a0\u00bb\u00a0\u00bb width_phone=\u00a0\u00bb100%\u00a0\u00bb width_last_edited=\u00a0\u00bbon|phone\u00a0\u00bb max_width_tablet=\u00a0\u00bb\u00a0\u00bb max_width_phone=\u00a0\u00bb100%\u00a0\u00bb max_width_last_edited=\u00a0\u00bbon|phone\u00a0\u00bb module_alignment=\u00a0\u00bbcenter\u00a0\u00bb min_height=\u00a0\u00bb100px\u00a0\u00bb custom_margin=\u00a0\u00bb||60px|||\u00a0\u00bb custom_padding=\u00a0\u00bb||50px|||\u00a0\u00bb border_width_all=\u00a0\u00bb0px\u00a0\u00bb border_color_all=\u00a0\u00bb#ffffff\u00a0\u00bb] [\/et_pb_wc_tabs][et_pb_wc_upsells _builder_version=\u00a0\u00bb3.0.47&Prime;][\/et_pb_wc_upsells][\/et_pb_column][\/et_pb_row][\/et_pb_section]<\/p>\n","protected":false},"excerpt":{"rendered":"<p>Lo recu\u00e8lh de contes :<br \/>\nDins aqueles vint contes cortets, seguiss\u00e8m Marcovaldo dins d\u2019aventuras estonantas, plenas de fantasi\u00e1 e de poesia, pintradas ambe gaubi e unmanitat.<\/p>\n<p>Las 20 afichas de las illustracions (\u00e7ai jos), remirable aplech pedagogic d&rsquo;elocucion, al format A3 son disponiblas al pr\u00e8tz de 3 \u20ac caduna. L&rsquo;escag de las 20 illustracions es a 25 \u20ac.<\/p>\n<p>Le recueil de contes :<br \/>\nDans ces vingt contes assez courts, nous suivons Marcovaldo dans des aventures \u00e9tonnantes, pleines de fantaisie et de po\u00e9sie, peintes avec habilet\u00e9 et humanit\u00e9.<\/p>\n<p>Las 20 affiches des illustrations (ci-dessous), formidable outil p\u00e9dagogique d&rsquo;\u00e9locution, au format A3 sont disponibles au prix de 3 \u20ac chacune. Le lot des 20 illustrations est \u00e0\u00a0 25 \u20ac.<\/p>\n","protected":false},"featured_media":2312,"template":"","meta":{"_et_pb_use_builder":"on","_et_pb_old_content":"<strong>L\u2019autor Italo Calvino\r\nNasqu\u00e8t a Cuba en 1925 e se morigu\u00e8t a Siena en 1985. Escriveire, fabulista, scenarista de cin\u00e8ma, teorician, fogu\u00e8t tanben s\u00f2ci de l\u2019Oulipo, movement surrealista creat per R.\u00a0Queneau.\r\nSas \u00f2bras mai conegudas son los contes fantastics : Il Visconte dimezzato (Le Vicomte pourfendu), Il Barone rampante (Le Baron perch\u00e9) e Il Cavaliere inesistente (Le Chevalier inexistant).<\/strong>\r\n\r\nL\u2019autor-traductor Miqu\u00e8l Pedussaud\r\n2015 : Pr\u00e8mi Romanilha (Concors \u00ab Escriure en lenga d\u2019\u00f2c \u00bb, t\u00e8xt publicat dins l\u2019almanac \u00ab Leis Amics de Mesclum \u00bb, en 2016)\r\n2018 : Publicacion d\u2019un primi\u00e8r libre en occitan, \u00ab Brigalhs \u00bb, Edicions de l\u2019Institut d\u2019Etudis Occitans Langued\u00f2c-Rosselhon.\r\nDipl\u00f2ma en relacion ambe la revirada :\r\n2013 : Master 2 LLCER (Lengas Literaturas Civilizacions Estrangi\u00e8ras e Regionalas), Opcion Occitan.\r\n\r\nL\u2019illustrator Edoard Monneau\r\nEdoard nasqu\u00e8t en 1991, a Bachas, dins Cominges.\r\nSa premi\u00e8ra passion fogu\u00e8t la gimnastica, conegu\u00e8t plan La fosse \u00e0 cubes de Caors, lo Cheval de saut de Carcassona, las barres parall\u00e8les de Narbona, e Le trampoline d\u2019Avinhon.\r\nA 19 ans, segut suls bancs de l\u2019Universitat del Miralh de Tolosa, torn\u00e8t descobrir lo gaug de dessenhar.\r\nEn 2017, fogu\u00e8t diplomat del Grau professional d\u2019ilustracio a l\u2019escola p\u00fablica d\u2019art i disseny Massana de Barcelona.\r\n\r\nPoids : 250 gr\r\n\r\n&nbsp;","_et_gb_content_width":""},"product_cat":[18,21],"product_tag":[],"_links":{"self":[{"href":"https:\/\/www.dev.edite-moi.fr\/index.php?rest_route=\/wp\/v2\/product\/2311"}],"collection":[{"href":"https:\/\/www.dev.edite-moi.fr\/index.php?rest_route=\/wp\/v2\/product"}],"about":[{"href":"https:\/\/www.dev.edite-moi.fr\/index.php?rest_route=\/wp\/v2\/types\/product"}],"wp:featuredmedia":[{"embeddable":true,"href":"https:\/\/www.dev.edite-moi.fr\/index.php?rest_route=\/wp\/v2\/media\/2312"}],"wp:attachment":[{"href":"https:\/\/www.dev.edite-moi.fr\/index.php?rest_route=%2Fwp%2Fv2%2Fmedia&parent=2311"}],"wp:term":[{"taxonomy":"product_cat","embeddable":true,"href":"https:\/\/www.dev.edite-moi.fr\/index.php?rest_route=%2Fwp%2Fv2%2Fproduct_cat&post=2311"},{"taxonomy":"product_tag","embeddable":true,"href":"https:\/\/www.dev.edite-moi.fr\/index.php?rest_route=%2Fwp%2Fv2%2Fproduct_tag&post=2311"}],"curies":[{"name":"wp","href":"https:\/\/api.w.org\/{rel}","templated":true}]}}