{"id":2474,"date":"2022-01-05T20:13:17","date_gmt":"2022-01-05T19:13:17","guid":{"rendered":"http:\/\/www.dev.edite-moi.fr\/?post_type=product&#038;p=2474"},"modified":"2022-01-05T20:40:02","modified_gmt":"2022-01-05T19:40:02","slug":"le-temps-de-dire-ii","status":"publish","type":"product","link":"https:\/\/www.dev.edite-moi.fr\/?product=le-temps-de-dire-ii","title":{"rendered":"<em>le temps de dire 2<\/em>"},"content":{"rendered":"<p>[et_pb_section fb_built=\u00a0\u00bb1&Prime; _builder_version=\u00a0\u00bb3.22&Prime; custom_padding=\u00a0\u00bb0px||||false|false\u00a0\u00bb][et_pb_row _builder_version=\u00a0\u00bb3.25&Prime; background_size=\u00a0\u00bbinitial\u00a0\u00bb background_position=\u00a0\u00bbtop_left\u00a0\u00bb background_repeat=\u00a0\u00bbrepeat\u00a0\u00bb width=\u00a0\u00bb100%\u00a0\u00bb custom_padding=\u00a0\u00bb0px||0px||false|false\u00a0\u00bb][et_pb_column type=\u00a0\u00bb4_4&Prime; _builder_version=\u00a0\u00bb3.25&Prime; custom_padding=\u00a0\u00bb|||\u00a0\u00bb custom_padding__hover=\u00a0\u00bb|||\u00a0\u00bb][et_pb_wc_breadcrumb _builder_version=\u00a0\u00bb4.2.2&Prime; width_tablet=\u00a0\u00bb100%\u00a0\u00bb width_phone=\u00a0\u00bb100%\u00a0\u00bb width_last_edited=\u00a0\u00bbon|tablet\u00a0\u00bb max_width=\u00a0\u00bb100%\u00a0\u00bb custom_margin=\u00a0\u00bb||||false|false\u00a0\u00bb custom_margin_last_edited=\u00a0\u00bboff|tablet\u00a0\u00bb][\/et_pb_wc_breadcrumb][et_pb_wc_cart_notice _builder_version=\u00a0\u00bb4.2.2&Prime; body_font=\u00a0\u00bb|600||on|||||\u00a0\u00bb body_text_color=\u00a0\u00bb#000000&Prime; background_color=\u00a0\u00bbrgba(0,0,0,0.2)\u00a0\u00bb custom_button=\u00a0\u00bbon\u00a0\u00bb button_text_size=\u00a0\u00bb15px\u00a0\u00bb button_text_color=\u00a0\u00bb#9f312b\u00a0\u00bb button_border_width=\u00a0\u00bb2px\u00a0\u00bb button_border_radius=\u00a0\u00bb100px\u00a0\u00bb button_letter_spacing=\u00a0\u00bb0px\u00a0\u00bb button_font=\u00a0\u00bb||||||||\u00a0\u00bb button_custom_margin=\u00a0\u00bb|||10px|false|false\u00a0\u00bb button_custom_margin_tablet=\u00a0\u00bb|||10px|false|false\u00a0\u00bb button_custom_margin_phone=\u00a0\u00bb|0px||10px|false|false\u00a0\u00bb button_custom_margin_last_edited=\u00a0\u00bbon|desktop\u00a0\u00bb width=\u00a0\u00bb80%\u00a0\u00bb max_width_tablet=\u00a0\u00bb\u00a0\u00bb max_width_phone=\u00a0\u00bb100%\u00a0\u00bb max_width_last_edited=\u00a0\u00bbon|phone\u00a0\u00bb module_alignment=\u00a0\u00bbcenter\u00a0\u00bb border_radii=\u00a0\u00bbon|20px|20px|20px|20px\u00a0\u00bb][\/et_pb_wc_cart_notice][\/et_pb_column][\/et_pb_row][et_pb_row column_structure=\u00a0\u00bb1_2,1_2&Prime; use_custom_gutter=\u00a0\u00bbon\u00a0\u00bb gutter_width=\u00a0\u00bb3&Prime; _builder_version=\u00a0\u00bb4.2.2&Prime; background_size=\u00a0\u00bbinitial\u00a0\u00bb background_position=\u00a0\u00bbtop_left\u00a0\u00bb background_repeat=\u00a0\u00bbrepeat\u00a0\u00bb width_tablet=\u00a0\u00bb\u00a0\u00bb width_phone=\u00a0\u00bb100%\u00a0\u00bb width_last_edited=\u00a0\u00bbon|desktop\u00a0\u00bb module_alignment=\u00a0\u00bbcenter\u00a0\u00bb custom_margin=\u00a0\u00bb0px||60px||false|false\u00a0\u00bb width__hover_enabled=\u00a0\u00bbon|desktop\u00a0\u00bb][et_pb_column type=\u00a0\u00bb1_2&Prime; _builder_version=\u00a0\u00bb4.2.2&Prime; custom_padding__hover=\u00a0\u00bb|||\u00a0\u00bb][et_pb_wc_images show_product_gallery=\u00a0\u00bboff\u00a0\u00bb force_fullwidth=\u00a0\u00bbon\u00a0\u00bb _builder_version=\u00a0\u00bb4.4.7&Prime; background_enable_image=\u00a0\u00bboff\u00a0\u00bb z_index=\u00a0\u00bb0&Prime; min_height_last_edited=\u00a0\u00bboff|desktop\u00a0\u00bb max_height_tablet=\u00a0\u00bb\u00a0\u00bb max_height_phone=\u00a0\u00bb\u00a0\u00bb max_height_last_edited=\u00a0\u00bbon|desktop\u00a0\u00bb custom_margin_tablet=\u00a0\u00bb|0px|40px|0px|false|false\u00a0\u00bb custom_margin_phone=\u00a0\u00bb||40px||false|false\u00a0\u00bb custom_margin_last_edited=\u00a0\u00bbon|desktop\u00a0\u00bb custom_padding=\u00a0\u00bb||0px|||\u00a0\u00bb hover_transition_duration=\u00a0\u00bb0ms\u00a0\u00bb border_radii_image=\u00a0\u00bbon|25px|25px|25px|25px\u00a0\u00bb border_width_all_image=\u00a0\u00bb1px\u00a0\u00bb border_color_all_image=\u00a0\u00bbrgba(0,0,0,0)\u00a0\u00bb max_height__hover_enabled=\u00a0\u00bboff|hover\u00a0\u00bb][\/et_pb_wc_images][et_pb_audio _builder_version=\u00a0\u00bb4.9.9&Prime; _module_preset=\u00a0\u00bbdefault\u00a0\u00bb][\/et_pb_audio][et_pb_video src=\u00a0\u00bbhttps:\/\/www.dev.edite-moi.fr\/wp-content\/uploads\/2022\/01\/temp_le-coffret-temps-de-dire-21.mp4&Prime; _builder_version=\u00a0\u00bb4.9.9&Prime; _module_preset=\u00a0\u00bbdefault\u00a0\u00bb][\/et_pb_video][\/et_pb_column][et_pb_column type=\u00a0\u00bb1_2&Prime; _builder_version=\u00a0\u00bb4.2.2&Prime; custom_padding__hover=\u00a0\u00bb|||\u00a0\u00bb][et_pb_wc_title _builder_version=\u00a0\u00bb4.2.2&Prime; header_text_align=\u00a0\u00bbcenter\u00a0\u00bb header_text_color=\u00a0\u00bb#9f312b\u00a0\u00bb][\/et_pb_wc_title][et_pb_wc_rating _builder_version=\u00a0\u00bb3.0.47&Prime;][\/et_pb_wc_rating][et_pb_wc_price _builder_version=\u00a0\u00bb4.2.2&Prime; body_text_color=\u00a0\u00bb#0a0000&Prime;][\/et_pb_wc_price][et_pb_wc_description _builder_version=\u00a0\u00bb3.0.47&Prime;][\/et_pb_wc_description][et_pb_wc_add_to_cart _builder_version=\u00a0\u00bb4.2.2&Prime; fields_text_color=\u00a0\u00bb#9f312b\u00a0\u00bb fields_focus_background_color=\u00a0\u00bb#ffffff\u00a0\u00bb fields_focus_text_color=\u00a0\u00bb#ffffff\u00a0\u00bb background_enable_color=\u00a0\u00bboff\u00a0\u00bb custom_button=\u00a0\u00bbon\u00a0\u00bb button_text_color=\u00a0\u00bb#9f312b\u00a0\u00bb button_bg_color=\u00a0\u00bb#ffffff\u00a0\u00bb button_border_width=\u00a0\u00bb2px\u00a0\u00bb button_border_color=\u00a0\u00bb#9f312b\u00a0\u00bb button_border_radius=\u00a0\u00bb100px\u00a0\u00bb button_letter_spacing=\u00a0\u00bb0px\u00a0\u00bb button_icon=\u00a0\u00bb%%114%%\u00a0\u00bb button_icon_color=\u00a0\u00bb#9f312b\u00a0\u00bb custom_padding=\u00a0\u00bb||1px|4px||\u00a0\u00bb][\/et_pb_wc_add_to_cart][et_pb_wc_meta _builder_version=\u00a0\u00bb4.2.2&Prime; body_text_color=\u00a0\u00bb#000000&Prime; custom_margin=\u00a0\u00bb10px||||false|false\u00a0\u00bb][\/et_pb_wc_meta][\/et_pb_column][\/et_pb_row][et_pb_row _builder_version=\u00a0\u00bb4.2.2&Prime; background_size=\u00a0\u00bbinitial\u00a0\u00bb background_position=\u00a0\u00bbtop_left\u00a0\u00bb background_repeat=\u00a0\u00bbrepeat\u00a0\u00bb module_alignment=\u00a0\u00bbcenter\u00a0\u00bb border_radii=\u00a0\u00bbon|5px|5px|5px|5px\u00a0\u00bb border_color_all=\u00a0\u00bbrgba(0,0,0,0)\u00a0\u00bb border_style_all=\u00a0\u00bbnone\u00a0\u00bb][et_pb_column type=\u00a0\u00bb4_4&Prime; _builder_version=\u00a0\u00bb3.25&Prime; custom_padding=\u00a0\u00bb|||\u00a0\u00bb custom_padding__hover=\u00a0\u00bb|||\u00a0\u00bb][et_pb_wc_tabs active_tab_background_color=\u00a0\u00bb#ffffff\u00a0\u00bb inactive_tab_background_color=\u00a0\u00bbrgba(0,0,0,0)\u00a0\u00bb active_tab_text_color=\u00a0\u00bb#9f312b\u00a0\u00bb include_tabs=\u00a0\u00bbdescription||\u00a0\u00bb _builder_version=\u00a0\u00bb4.2.2&Prime; tab_text_color=\u00a0\u00bb#000000&Prime; body_font=\u00a0\u00bb||||||||\u00a0\u00bb body_text_color=\u00a0\u00bb#9f312b\u00a0\u00bb body_line_height=\u00a0\u00bb1.2em\u00a0\u00bb tab_font=\u00a0\u00bb||||||||\u00a0\u00bb tab_font_size=\u00a0\u00bb18px\u00a0\u00bb width_tablet=\u00a0\u00bb\u00a0\u00bb width_phone=\u00a0\u00bb100%\u00a0\u00bb width_last_edited=\u00a0\u00bbon|phone\u00a0\u00bb max_width_tablet=\u00a0\u00bb\u00a0\u00bb max_width_phone=\u00a0\u00bb100%\u00a0\u00bb max_width_last_edited=\u00a0\u00bbon|phone\u00a0\u00bb module_alignment=\u00a0\u00bbcenter\u00a0\u00bb min_height=\u00a0\u00bb100px\u00a0\u00bb custom_margin=\u00a0\u00bb||60px|||\u00a0\u00bb custom_padding=\u00a0\u00bb||50px|||\u00a0\u00bb border_width_all=\u00a0\u00bb0px\u00a0\u00bb border_color_all=\u00a0\u00bb#ffffff\u00a0\u00bb] [\/et_pb_wc_tabs][et_pb_wc_upsells _builder_version=\u00a0\u00bb3.0.47&Prime;][\/et_pb_wc_upsells][\/et_pb_column][\/et_pb_row][\/et_pb_section]<\/p>\n","protected":false},"excerpt":{"rendered":"<p>Textes de Claude Mamier, Eva Hahn, Jean-Michel Hernandez, C\u00e9line Verdier, Olivieiro Vendraminetto,<\/p>\n<p>Depuis 2012, les artistes du collectif RaconTarn \u00e9coutent et racontent les r\u00e9cits des Tarnaises et des Tarnais, sillonnant sentiers, routes, villes et villages, quartiers et hameaux, au cours d&rsquo;un \u00e9v\u00e9nement annuel intitul\u00e9 \u00ab\u00a0Le Temps de Dire\u00a0\u00bb. Ces vies que d&rsquo;aucuns osent qualifier d&rsquo;anecdotiques ou de banales, les conteuses et conteurs des chemins les trouvent touchantes, riches, extraordinaires. Dignes d&rsquo;\u00eatre racont\u00e9es.<\/p>\n<p>Apr\u00e8s un premier ouvrage paru en 2019, les artistes posent \u00e0 nouveau sur le papier les mots de ces belles rencontres. Les histoires r\u00e9unies dans ce livre ont \u00e9t\u00e9 recueillies \u00e0 Albi, Gaillac, Rabastens, Couffouleux et Montredon-Labessonni\u00e9.<\/p>\n<p>5 fascicules format A5 dans un beau coffret: Les anges domestiques, Se retrousser les manches, La roue qui tourne, Bestiaire familier, A fleur de peau.<\/p>\n<p>&nbsp;<\/p>\n<p>&nbsp;<\/p>\n","protected":false},"featured_media":2479,"template":"","meta":{"_et_pb_use_builder":"on","_et_pb_old_content":"Les animaux font la route avec nous tout au long de notre vie. Chiens, chats et autres b\u00eates de compagnie. Chevaux de trait, b\u0153ufs et autres b\u00eates de labeur. Parfois nous les voyons mourir \u00e0 nos c\u00f4t\u00e9s et parfois nous les mangeons sans vergogne.\r\nEn eux nous nous retrouvons, nous nous reconnaissons. Rus\u00e9 comme un renard, b\u00eate comme une oie, fort comme un taureau\u00a0? La liste des comparaisons s'\u00e9tire \u00e0 l'infini. Les animaux nous rappellent surtout notre propre sauvagerie \u2013\u00a0bonne ou mauvaise\u00a0\u2013 derri\u00e8re le voile de notre si belle civilisation.\r\nCes neufs r\u00e9cits vous entra\u00eenent en Alg\u00e9rie, en Camargue, au fond de la mine, au d\u00e9tour d'une cath\u00e9drale ou d'une usine, sur les pas de femmes et d'hommes qui ont cont\u00e9 leurs histoires d'animaux, ceux qu'ils ont c\u00f4toy\u00e9s, ceux qu'ils sont eux-m\u00eames.\r\n\r\nRetrousser les manches, ou d\u00e9trousser les souvenirs, tirer sur la corde et la faire vibrer, perles au front ou bien au coin de l'oeil, jusqu'aux limites du corps, du temps, de l'acceptable, jusqu'\u00e0 pousser les portes de l'impossible ...\r\nTirer les ficelles de la vie, se faire embobiner tant\u00f4t, toujours aller de l'avant, trouver le courage encore et encore, seul ou \u00e0 plusieurs, pour le pain quotidien, juste pour s'en sortir, pour s'offrir \u00e0 soi-m\u00eame ou aux siens un brin de libert\u00e9. Pour pouvoir se retourner en disant : \u00ab c'est sans regret \u00bb.\r\n\r\nTout le monde ne peut pas les voir para\u00eet-il\u00a0? Et pourtant, ils et elles sont parmi nous, ces \u00e2mes en veille, faiseuses de bonheur, ces humains de chair et d'os, aux gestes inspirants, qui savent \u00eatre pr\u00e9sents dans nos quotidiens avec parfois toute la l\u00e9g\u00e8ret\u00e9 d'une plume.\r\nParmi nous aussi, les effigies d'\u00eatres c\u00e9lestes, miniatures ou plus grandes que nature - sculptures, statues - et leurs rochers ou temples d\u00e9di\u00e9s, abris de voies imp\u00e9n\u00e9trables, ...\r\nVoici onze r\u00e9cits, portraits de femmes et d'hommes lumineux, que l'on peut rencontrer au coin de la rue, dans un foss\u00e9, \u00e0 la ludoth\u00e8que, au caf\u00e9, au Carmel ou m\u00eame au fond d'une vitrine... dans le monde entier\u00a0!\r\nQui sait\u00a0? Peut-\u00eatre qu'au-del\u00e0 de nos croyances, de nos scepticismes, des obscurit\u00e9s de l'\u00e2me humaine, existent bel et bien l'humilit\u00e9, le souci de l'autre et l'amour inconditionnel\u00a0? Et s'il suffisait de tendre l'oreille, d'observer, au dedans comme au dehors, pour entendre comme un froissement d'aile\u00a0? Si si, parfois certains miracles se produisent\u00a0!\r\n\r\nOn dit que certains sont \u00e9corch\u00e9s vifs. On dit que d\u2019autres doivent faire peau neuve.\r\nLa langue fran\u00e7aise regorge d\u2019expressions qui soulignent l\u2019importance de la peau dans notre rapport au monde, fronti\u00e8re poreuse qui laisse passer les perceptions dans un sens, les sentiments dans l\u2019autre. La peau que l\u2019on caresse ou que l\u2019on d\u00e9chire, celle aussi que l\u2019on travaille dans certains m\u00e9tiers.\r\nCes onze r\u00e9cits vous emm\u00e8nent dans la m\u00e9moire de femmes et d\u2019hommes que la vie n\u2019a pas m\u00e9nag\u00e9s, mais que la vie a aussi inspir\u00e9s\u00a0: non, elle n\u2019a pas eu leur peau, cette satan\u00e9e vie, en tout cas, pas encore, puisqu\u2019ils sont toujours l\u00e0 pour se raconter.\r\nAssur\u00e9ment, apr\u00e8s avoir pass\u00e9 ces quelques pages avec eux, vous les aurez dans la peau pour longtemps.\r\n\r\nIls sont arriv\u00e9s l\u00e0 p\u00eale-m\u00eale, leurs r\u00e9cits se sont emm\u00eal\u00e9s dans la grande lessiveuse du temps.\r\nChacun, \u00e0 sa fa\u00e7on, a trouv\u00e9 les paroles pour nous livrer son t\u00e9moignage. T\u00e9moignages d\u2019un temps enfoui dans la m\u00e9moire, r\u00e9cits de vie comme un passage de relais.\r\nChaque histoire trace une petite ligne. C\u2019est un chemin qui nous guide vers la blessure, la tendresse ou le sourire.\r\nRoulez jeunesse, la grande roue nous emporte dans le vent de la vie\u00a0!","_et_gb_content_width":""},"product_cat":[18,21],"product_tag":[],"_links":{"self":[{"href":"https:\/\/www.dev.edite-moi.fr\/index.php?rest_route=\/wp\/v2\/product\/2474"}],"collection":[{"href":"https:\/\/www.dev.edite-moi.fr\/index.php?rest_route=\/wp\/v2\/product"}],"about":[{"href":"https:\/\/www.dev.edite-moi.fr\/index.php?rest_route=\/wp\/v2\/types\/product"}],"wp:featuredmedia":[{"embeddable":true,"href":"https:\/\/www.dev.edite-moi.fr\/index.php?rest_route=\/wp\/v2\/media\/2479"}],"wp:attachment":[{"href":"https:\/\/www.dev.edite-moi.fr\/index.php?rest_route=%2Fwp%2Fv2%2Fmedia&parent=2474"}],"wp:term":[{"taxonomy":"product_cat","embeddable":true,"href":"https:\/\/www.dev.edite-moi.fr\/index.php?rest_route=%2Fwp%2Fv2%2Fproduct_cat&post=2474"},{"taxonomy":"product_tag","embeddable":true,"href":"https:\/\/www.dev.edite-moi.fr\/index.php?rest_route=%2Fwp%2Fv2%2Fproduct_tag&post=2474"}],"curies":[{"name":"wp","href":"https:\/\/api.w.org\/{rel}","templated":true}]}}